{"id":404,"date":"2024-07-30T21:57:35","date_gmt":"2024-07-30T21:57:35","guid":{"rendered":"https:\/\/marthaskincare.hu\/?page_id=404"},"modified":"2024-11-16T14:47:15","modified_gmt":"2024-11-16T14:47:15","slug":"rolunk","status":"publish","type":"page","link":"https:\/\/marthaskincare.hu\/en\/rolunk\/","title":{"rendered":"About"},"content":{"rendered":"<div data-elementor-type=\"wp-page\" data-elementor-id=\"404\" class=\"elementor elementor-404\" data-elementor-settings=\"{&quot;ha_cmc_init_switcher&quot;:&quot;no&quot;}\" data-elementor-post-type=\"page\">\n\t\t\t\t<div class=\"elementor-element elementor-element-48b05e35 e-flex e-con-boxed e-con e-parent\" data-id=\"48b05e35\" data-element_type=\"container\" data-e-type=\"container\" data-settings=\"{&quot;_ha_eqh_enable&quot;:false}\">\n\t\t\t\t\t<div class=\"e-con-inner\">\n\t\t\t\t<div class=\"elementor-element elementor-element-2e376ddf elementor-widget elementor-widget-woocommerce-breadcrumb\" data-id=\"2e376ddf\" data-element_type=\"widget\" data-e-type=\"widget\" data-widget_type=\"woocommerce-breadcrumb.default\">\n\t\t\t\t<div class=\"elementor-widget-container\">\n\t\t\t\t\t<nav class=\"woocommerce-breadcrumb\" aria-label=\"Breadcrumb\" data-no-translation=\"\" data-trp-gettext=\"\">Home<\/nav>\t\t\t\t<\/div>\n\t\t\t\t<\/div>\n\t\t\t\t\t<\/div>\n\t\t\t\t<\/div>\n\t\t<div class=\"elementor-element elementor-element-1b33268 e-flex e-con-boxed e-con e-parent\" data-id=\"1b33268\" data-element_type=\"container\" data-e-type=\"container\" data-settings=\"{&quot;background_background&quot;:&quot;classic&quot;,&quot;_ha_eqh_enable&quot;:false}\">\n\t\t\t\t\t<div class=\"e-con-inner\">\n\t\t<div class=\"elementor-element elementor-element-717f885 e-flex e-con-boxed e-con e-child\" data-id=\"717f885\" data-element_type=\"container\" data-e-type=\"container\" data-settings=\"{&quot;_ha_eqh_enable&quot;:false}\">\n\t\t\t\t\t<div class=\"e-con-inner\">\n\t\t<div class=\"elementor-element elementor-element-49510e4 e-con-full e-flex e-con e-child\" data-id=\"49510e4\" data-element_type=\"container\" data-e-type=\"container\" data-settings=\"{&quot;_ha_eqh_enable&quot;:false}\">\n\t\t\t\t<div class=\"elementor-element elementor-element-7a733c8 elementor-widget elementor-widget-image\" data-id=\"7a733c8\" data-element_type=\"widget\" data-e-type=\"widget\" data-settings=\"{&quot;motion_fx_motion_fx_scrolling&quot;:&quot;yes&quot;,&quot;motion_fx_translateY_effect&quot;:&quot;yes&quot;,&quot;motion_fx_translateY_direction&quot;:&quot;negative&quot;,&quot;motion_fx_translateY_speed&quot;:{&quot;unit&quot;:&quot;px&quot;,&quot;size&quot;:3.5,&quot;sizes&quot;:[]},&quot;motion_fx_translateY_affectedRange&quot;:{&quot;unit&quot;:&quot;%&quot;,&quot;size&quot;:&quot;&quot;,&quot;sizes&quot;:{&quot;start&quot;:50,&quot;end&quot;:100}},&quot;motion_fx_devices&quot;:[&quot;desktop&quot;,&quot;tablet&quot;]}\" data-widget_type=\"image.default\">\n\t\t\t\t<div class=\"elementor-widget-container\">\n\t\t\t\t\t\t\t\t\t\t\t\t\t\t\t<img fetchpriority=\"high\" decoding=\"async\" width=\"1000\" height=\"1236\" src=\"https:\/\/marthaskincare.hu\/wp-content\/uploads\/2024\/11\/martha_fanni_bemutatkozo.jpg\" class=\"attachment-full size-full wp-image-1075\" alt=\"\" srcset=\"https:\/\/marthaskincare.hu\/wp-content\/uploads\/2024\/11\/martha_fanni_bemutatkozo.jpg 1000w, https:\/\/marthaskincare.hu\/wp-content\/uploads\/2024\/11\/martha_fanni_bemutatkozo-243x300.jpg 243w, https:\/\/marthaskincare.hu\/wp-content\/uploads\/2024\/11\/martha_fanni_bemutatkozo-828x1024.jpg 828w, https:\/\/marthaskincare.hu\/wp-content\/uploads\/2024\/11\/martha_fanni_bemutatkozo-768x949.jpg 768w, https:\/\/marthaskincare.hu\/wp-content\/uploads\/2024\/11\/martha_fanni_bemutatkozo-600x742.jpg 600w\" sizes=\"(max-width: 1000px) 100vw, 1000px\" \/>\t\t\t\t\t\t\t\t\t\t\t\t\t\t\t<\/div>\n\t\t\t\t<\/div>\n\t\t\t\t<\/div>\n\t\t<div class=\"elementor-element elementor-element-61466ca e-con-full e-flex e-con e-child\" data-id=\"61466ca\" data-element_type=\"container\" data-e-type=\"container\" data-settings=\"{&quot;_ha_eqh_enable&quot;:false}\">\n\t\t\t\t<div class=\"elementor-element elementor-element-ef77d9e elementor-widget elementor-widget-heading\" data-id=\"ef77d9e\" data-element_type=\"widget\" data-e-type=\"widget\" data-widget_type=\"heading.default\">\n\t\t\t\t<div class=\"elementor-widget-container\">\n\t\t\t\t\t<h3 class=\"elementor-heading-title elementor-size-default\">Hi there! I\u2019m Fanni.<\/h3>\t\t\t\t<\/div>\n\t\t\t\t<\/div>\n\t\t\t\t<div class=\"elementor-element elementor-element-1bc1d12 elementor-widget elementor-widget-heading\" data-id=\"1bc1d12\" data-element_type=\"widget\" data-e-type=\"widget\" data-widget_type=\"heading.default\">\n\t\t\t\t<div class=\"elementor-widget-container\">\n\t\t\t\t\t<h4 class=\"elementor-heading-title elementor-size-default\">A skin enthusiast and founder of Martha Skincare. <\/h4>\t\t\t\t<\/div>\n\t\t\t\t<\/div>\n\t\t\t\t<div class=\"elementor-element elementor-element-fb90881 elementor-widget elementor-widget-text-editor\" data-id=\"fb90881\" data-element_type=\"widget\" data-e-type=\"widget\" data-widget_type=\"text-editor.default\">\n\t\t\t\t<div class=\"elementor-widget-container\">\n\t\t\t\t\t\t\t\t\t<p>It has long been my dream to conjure up and create my own formulas that is to set up a new, Hungarian skincare brand based on conscious decisions. Using the knowledge I gained through treating my sensitive, long-term problematic skin that is also prone to developing recurring breakouts a range of products were created. This fluctuating skin condition led me to absorb every information possible about skincare and strive for doing everything I could at home for a more pleasant, healthier-looking skin.<\/p><p>The learning process, the building of routine and the navigation among the diversity of active ingredients were aided by the ever-increasing number of reliable sources available on the Internet. Through this comprehensive research I also learned that not all skin conditions can be enhanced by applying cure-alls as acne \u2013 just like in my case - can be caused by numerous other, internally existing factors. Identifying and tackling such problems are worth paying more attention to rather than settling with cosmetics that are convenient on a long run.<\/p><p class=\"translation-block\">Finally, my own, everyday experiences and practical ideas helped form the basis of those recipes that professionals translated into the language of cosmetic chemistry and created formulas for a better treatment of skin concerns.<\/p>\t\t\t\t\t\t\t\t<\/div>\n\t\t\t\t<\/div>\n\t\t\t\t<\/div>\n\t\t\t\t\t<\/div>\n\t\t\t\t<\/div>\n\t\t\t\t\t<\/div>\n\t\t\t\t<\/div>\n\t\t<div class=\"elementor-element elementor-element-63542c8 e-flex e-con-boxed e-con e-parent\" data-id=\"63542c8\" data-element_type=\"container\" data-e-type=\"container\" data-settings=\"{&quot;background_background&quot;:&quot;classic&quot;,&quot;_ha_eqh_enable&quot;:false}\">\n\t\t\t\t\t<div class=\"e-con-inner\">\n\t\t<div class=\"elementor-element elementor-element-98d64a7 e-flex e-con-boxed e-con e-child\" data-id=\"98d64a7\" data-element_type=\"container\" data-e-type=\"container\" data-settings=\"{&quot;_ha_eqh_enable&quot;:false}\">\n\t\t\t\t\t<div class=\"e-con-inner\">\n\t\t<div class=\"elementor-element elementor-element-4bf0596 e-con-full e-flex e-con e-child\" data-id=\"4bf0596\" data-element_type=\"container\" data-e-type=\"container\" data-settings=\"{&quot;_ha_eqh_enable&quot;:false}\">\n\t\t\t\t<div class=\"elementor-element elementor-element-f1a3984 elementor-widget elementor-widget-image\" data-id=\"f1a3984\" data-element_type=\"widget\" data-e-type=\"widget\" data-settings=\"{&quot;motion_fx_motion_fx_scrolling&quot;:&quot;yes&quot;,&quot;motion_fx_translateY_effect&quot;:&quot;yes&quot;,&quot;motion_fx_translateY_direction&quot;:&quot;negative&quot;,&quot;motion_fx_translateY_speed&quot;:{&quot;unit&quot;:&quot;px&quot;,&quot;size&quot;:6.5,&quot;sizes&quot;:[]},&quot;motion_fx_translateY_affectedRange&quot;:{&quot;unit&quot;:&quot;%&quot;,&quot;size&quot;:&quot;&quot;,&quot;sizes&quot;:{&quot;start&quot;:50,&quot;end&quot;:100}},&quot;motion_fx_devices&quot;:[&quot;desktop&quot;,&quot;tablet&quot;]}\" data-widget_type=\"image.default\">\n\t\t\t\t<div class=\"elementor-widget-container\">\n\t\t\t\t\t\t\t\t\t\t\t\t\t\t\t<img decoding=\"async\" width=\"1000\" height=\"1236\" src=\"https:\/\/marthaskincare.hu\/wp-content\/uploads\/2024\/11\/martha_skincare_rolunk.jpg\" class=\"attachment-full size-full wp-image-1045\" alt=\"\" srcset=\"https:\/\/marthaskincare.hu\/wp-content\/uploads\/2024\/11\/martha_skincare_rolunk.jpg 1000w, https:\/\/marthaskincare.hu\/wp-content\/uploads\/2024\/11\/martha_skincare_rolunk-243x300.jpg 243w, https:\/\/marthaskincare.hu\/wp-content\/uploads\/2024\/11\/martha_skincare_rolunk-828x1024.jpg 828w, https:\/\/marthaskincare.hu\/wp-content\/uploads\/2024\/11\/martha_skincare_rolunk-768x949.jpg 768w, https:\/\/marthaskincare.hu\/wp-content\/uploads\/2024\/11\/martha_skincare_rolunk-600x742.jpg 600w\" sizes=\"(max-width: 1000px) 100vw, 1000px\" \/>\t\t\t\t\t\t\t\t\t\t\t\t\t\t\t<\/div>\n\t\t\t\t<\/div>\n\t\t\t\t<\/div>\n\t\t<div class=\"elementor-element elementor-element-7e0dc38 e-con-full e-flex e-con e-child\" data-id=\"7e0dc38\" data-element_type=\"container\" data-e-type=\"container\" data-settings=\"{&quot;_ha_eqh_enable&quot;:false}\">\n\t\t\t\t<div class=\"elementor-element elementor-element-a724985 elementor-widget elementor-widget-heading\" data-id=\"a724985\" data-element_type=\"widget\" data-e-type=\"widget\" data-widget_type=\"heading.default\">\n\t\t\t\t<div class=\"elementor-widget-container\">\n\t\t\t\t\t<h3 class=\"elementor-heading-title elementor-size-default\">Why choose Martha Skincare?<\/h3>\t\t\t\t<\/div>\n\t\t\t\t<\/div>\n\t\t\t\t<div class=\"elementor-element elementor-element-874ca6b elementor-widget elementor-widget-text-editor\" data-id=\"874ca6b\" data-element_type=\"widget\" data-e-type=\"widget\" data-widget_type=\"text-editor.default\">\n\t\t\t\t<div class=\"elementor-widget-container\">\n\t\t\t\t\t\t\t\t\t<p>The production was preceded by a long product development phase for a better and more effective range. Throughout this period a large number of samples were handled with the intention to bring forth the most convenient formulas possible. The direction of complexity was clear from the very beginning \u2013 to simplify and shorten the everyday skincare routine.<\/p><p>Comprising various, highly-concentrated, synergistically interacting active ingredients our products were designed to replace cosmetics with simpler composition and fewer (1 or 2) main active ingredient. Giving the skin a pleasant feel and also having the quality of quick absorption and easy layering the formulas are made up of ingredients that are proven to be effective and useful for skin. Our products were made fragrance-free and without the use of any butter, oil or potentially irritating alcohols.<\/p><p>Transparency is one of the determining pillars of the brand. It is essential for any customer to get adequate information about active ingredients as well as their accurate quantity enclosed in our formulas. The awareness of the effects of certain active ingredients can make you decide whether a given product suits your skin and tackles actual skin concerns. As a facilitation, main ingredients, their concentration and a short description of properties are conspicuously included on the packaging.<\/p><p>The brand is also devoted to calling attention to the unhealthy, distorting nature of social media on mental health. This is the reason why the models\u2019 faces were not retouched on the photos. Our goal was to depict what a real, widely-renown, imperfect skin looks like instead of showing what effects our products can have on an impeccable, severely retouched surface.  As a skincare brand I regard the attempt to sell problem-solving products advertised on immaculate skin as unreal. Despite a well-thought out routine and a mindful approach adopted as a daily practice one might still unable to achieve perfect skin and it is fine. It must be emphasized that home skincare is only a fragment of what we can do to solve skin problems. Regarding the lifestyle we lead there is also a need for consciousness since several skin conditions stem from internal causes and cannot be fully resolved with the use of cosmetics.<\/p><p>Both product development and production were carried out in Hungary under controlled conditions assisted by qualified chemical engineers for the compliance with all regulations. Prior to launching the products all necessary tests were performed.<\/p>\t\t\t\t\t\t\t\t<\/div>\n\t\t\t\t<\/div>\n\t\t\t\t<\/div>\n\t\t\t\t\t<\/div>\n\t\t\t\t<\/div>\n\t\t\t\t\t<\/div>\n\t\t\t\t<\/div>\n\t\t\t\t<\/div>","protected":false},"excerpt":{"rendered":"<p>Szia! Fanni vagyok. Egy lelkes b\u0151r\u00e1pol\u00f3 \u00e9s a Martha Skincare alap\u00edt\u00f3ja. \u00c9vek \u00f3ta megval\u00f3s\u00edt\u00e1sra v\u00e1r\u00f3 \u00e1lmom a saj\u00e1t formul\u00e1k kital\u00e1l\u00e1sa \u00e9s megalkot\u00e1sa, vagyis egy \u00faj, tudatos magyar m\u00e1rka l\u00e9trehoz\u00e1sa. A hossz\u00fa \u00e9vek \u00f3ta probl\u00e9m\u00e1s, pattan\u00e1sokra hajlamos \u00e9s folyamatosan visszaes\u0151, \u00e9rz\u00e9keny b\u0151r\u00f6m kezel\u00e9s\u00e9nek k\u00f6sz\u00f6nhetem azt a tud\u00e1st, ami alapj\u00e1n \u00f6ssze\u00e1lltak term\u00e9keink. Ez a hull\u00e1mz\u00f3 b\u0151r\u00e1llapot arra [&hellip;]<\/p>","protected":false},"author":1,"featured_media":0,"parent":0,"menu_order":0,"comment_status":"closed","ping_status":"closed","template":"elementor_header_footer","meta":{"_acf_changed":false,"_mo_disable_npp":"","footnotes":""},"class_list":["post-404","page","type-page","status-publish","hentry"],"acf":[],"yoast_head":"<!-- This site is optimized with the Yoast SEO plugin v27.4 - https:\/\/yoast.com\/product\/yoast-seo-wordpress\/ -->\n<title>Bemutatkozik a Martha Skincare - Martha Skincare<\/title>\n<meta name=\"description\" content=\"Szia! Fanni vagyok.Egy lelkes b\u0151r\u00e1pol\u00f3 \u00e9s a Martha Skincare alap\u00edt\u00f3ja. C\u00e9lom egy \u00faj, tudatos magyar m\u00e1rka l\u00e9trehoz\u00e1sa.\" \/>\n<meta name=\"robots\" content=\"index, follow, max-snippet:-1, max-image-preview:large, max-video-preview:-1\" \/>\n<link rel=\"canonical\" href=\"https:\/\/marthaskincare.hu\/en\/rolunk\/\" \/>\n<meta property=\"og:locale\" content=\"en_GB\" \/>\n<meta property=\"og:type\" content=\"article\" \/>\n<meta property=\"og:title\" content=\"Bemutatkozik a Martha Skincare - Martha Skincare\" \/>\n<meta property=\"og:description\" content=\"Szia! Fanni vagyok.Egy lelkes b\u0151r\u00e1pol\u00f3 \u00e9s a Martha Skincare alap\u00edt\u00f3ja. C\u00e9lom egy \u00faj, tudatos magyar m\u00e1rka l\u00e9trehoz\u00e1sa.\" \/>\n<meta property=\"og:url\" content=\"https:\/\/marthaskincare.hu\/en\/rolunk\/\" \/>\n<meta property=\"og:site_name\" content=\"Martha Skincare\" \/>\n<meta property=\"article:publisher\" content=\"https:\/\/www.facebook.com\/profile.php?id=61567804058843\" \/>\n<meta property=\"article:modified_time\" content=\"2024-11-16T14:47:15+00:00\" \/>\n<meta property=\"og:image\" content=\"https:\/\/marthaskincare.hu\/wp-content\/uploads\/2024\/11\/martha_fanni_bemutatkozo.jpg\" \/>\n<meta name=\"twitter:card\" content=\"summary_large_image\" \/>\n<meta name=\"twitter:label1\" content=\"Estimated reading time\" \/>\n\t<meta name=\"twitter:data1\" content=\"4 minutes\" \/>\n<script type=\"application\/ld+json\" class=\"yoast-schema-graph\">{\"@context\":\"https:\\\/\\\/schema.org\",\"@graph\":[{\"@type\":\"WebPage\",\"@id\":\"https:\\\/\\\/marthaskincare.hu\\\/rolunk\\\/\",\"url\":\"https:\\\/\\\/marthaskincare.hu\\\/rolunk\\\/\",\"name\":\"Bemutatkozik a Martha Skincare - Martha Skincare\",\"isPartOf\":{\"@id\":\"https:\\\/\\\/marthaskincare.hu\\\/#website\"},\"primaryImageOfPage\":{\"@id\":\"https:\\\/\\\/marthaskincare.hu\\\/rolunk\\\/#primaryimage\"},\"image\":{\"@id\":\"https:\\\/\\\/marthaskincare.hu\\\/rolunk\\\/#primaryimage\"},\"thumbnailUrl\":\"https:\\\/\\\/marthaskincare.hu\\\/wp-content\\\/uploads\\\/2024\\\/11\\\/martha_fanni_bemutatkozo.jpg\",\"datePublished\":\"2024-07-30T21:57:35+00:00\",\"dateModified\":\"2024-11-16T14:47:15+00:00\",\"description\":\"Szia! Fanni vagyok.Egy lelkes b\u0151r\u00e1pol\u00f3 \u00e9s a Martha Skincare alap\u00edt\u00f3ja. C\u00e9lom egy \u00faj, tudatos magyar m\u00e1rka l\u00e9trehoz\u00e1sa.\",\"breadcrumb\":{\"@id\":\"https:\\\/\\\/marthaskincare.hu\\\/rolunk\\\/#breadcrumb\"},\"inLanguage\":\"en-GB\",\"potentialAction\":[{\"@type\":\"ReadAction\",\"target\":[\"https:\\\/\\\/marthaskincare.hu\\\/rolunk\\\/\"]}]},{\"@type\":\"ImageObject\",\"inLanguage\":\"en-GB\",\"@id\":\"https:\\\/\\\/marthaskincare.hu\\\/rolunk\\\/#primaryimage\",\"url\":\"https:\\\/\\\/marthaskincare.hu\\\/wp-content\\\/uploads\\\/2024\\\/11\\\/martha_fanni_bemutatkozo.jpg\",\"contentUrl\":\"https:\\\/\\\/marthaskincare.hu\\\/wp-content\\\/uploads\\\/2024\\\/11\\\/martha_fanni_bemutatkozo.jpg\"},{\"@type\":\"BreadcrumbList\",\"@id\":\"https:\\\/\\\/marthaskincare.hu\\\/rolunk\\\/#breadcrumb\",\"itemListElement\":[{\"@type\":\"ListItem\",\"position\":1,\"name\":\"Kezd\u0151lap\",\"item\":\"https:\\\/\\\/marthaskincare.hu\\\/\"},{\"@type\":\"ListItem\",\"position\":2,\"name\":\"R\u00f3lunk\"}]},{\"@type\":\"WebSite\",\"@id\":\"https:\\\/\\\/marthaskincare.hu\\\/#website\",\"url\":\"https:\\\/\\\/marthaskincare.hu\\\/\",\"name\":\"Martha Skincare\",\"description\":\"Komplex formul\u00e1k a tudatos b\u0151r\u00e1pol\u00e1s\u00e9rt\",\"publisher\":{\"@id\":\"https:\\\/\\\/marthaskincare.hu\\\/#organization\"},\"potentialAction\":[{\"@type\":\"SearchAction\",\"target\":{\"@type\":\"EntryPoint\",\"urlTemplate\":\"https:\\\/\\\/marthaskincare.hu\\\/?s={search_term_string}\"},\"query-input\":{\"@type\":\"PropertyValueSpecification\",\"valueRequired\":true,\"valueName\":\"search_term_string\"}}],\"inLanguage\":\"en-GB\"},{\"@type\":\"Organization\",\"@id\":\"https:\\\/\\\/marthaskincare.hu\\\/#organization\",\"name\":\"Martha Skincare\",\"url\":\"https:\\\/\\\/marthaskincare.hu\\\/\",\"logo\":{\"@type\":\"ImageObject\",\"inLanguage\":\"en-GB\",\"@id\":\"https:\\\/\\\/marthaskincare.hu\\\/#\\\/schema\\\/logo\\\/image\\\/\",\"url\":\"https:\\\/\\\/marthaskincare.hu\\\/wp-content\\\/uploads\\\/2024\\\/07\\\/martha_fekete_logo.svg\",\"contentUrl\":\"https:\\\/\\\/marthaskincare.hu\\\/wp-content\\\/uploads\\\/2024\\\/07\\\/martha_fekete_logo.svg\",\"width\":7532,\"height\":2962,\"caption\":\"Martha Skincare\"},\"image\":{\"@id\":\"https:\\\/\\\/marthaskincare.hu\\\/#\\\/schema\\\/logo\\\/image\\\/\"},\"sameAs\":[\"https:\\\/\\\/www.facebook.com\\\/profile.php?id=61567804058843\",\"https:\\\/\\\/www.instagram.com\\\/marthaskincare_hu\\\/\"]}]}<\/script>\n<!-- \/ Yoast SEO plugin. -->","yoast_head_json":{"title":"Bemutatkozik a Martha Skincare - Martha Skincare","description":"Szia! Fanni vagyok.Egy lelkes b\u0151r\u00e1pol\u00f3 \u00e9s a Martha Skincare alap\u00edt\u00f3ja. C\u00e9lom egy \u00faj, tudatos magyar m\u00e1rka l\u00e9trehoz\u00e1sa.","robots":{"index":"index","follow":"follow","max-snippet":"max-snippet:-1","max-image-preview":"max-image-preview:large","max-video-preview":"max-video-preview:-1"},"canonical":"https:\/\/marthaskincare.hu\/en\/rolunk\/","og_locale":"en_GB","og_type":"article","og_title":"Bemutatkozik a Martha Skincare - Martha Skincare","og_description":"Szia! Fanni vagyok.Egy lelkes b\u0151r\u00e1pol\u00f3 \u00e9s a Martha Skincare alap\u00edt\u00f3ja. C\u00e9lom egy \u00faj, tudatos magyar m\u00e1rka l\u00e9trehoz\u00e1sa.","og_url":"https:\/\/marthaskincare.hu\/en\/rolunk\/","og_site_name":"Martha Skincare","article_publisher":"https:\/\/www.facebook.com\/profile.php?id=61567804058843","article_modified_time":"2024-11-16T14:47:15+00:00","og_image":[{"url":"https:\/\/marthaskincare.hu\/wp-content\/uploads\/2024\/11\/martha_fanni_bemutatkozo.jpg","type":"","width":"","height":""}],"twitter_card":"summary_large_image","twitter_misc":{"Estimated reading time":"4 minutes"},"schema":{"@context":"https:\/\/schema.org","@graph":[{"@type":"WebPage","@id":"https:\/\/marthaskincare.hu\/rolunk\/","url":"https:\/\/marthaskincare.hu\/rolunk\/","name":"Bemutatkozik a Martha Skincare - Martha Skincare","isPartOf":{"@id":"https:\/\/marthaskincare.hu\/#website"},"primaryImageOfPage":{"@id":"https:\/\/marthaskincare.hu\/rolunk\/#primaryimage"},"image":{"@id":"https:\/\/marthaskincare.hu\/rolunk\/#primaryimage"},"thumbnailUrl":"https:\/\/marthaskincare.hu\/wp-content\/uploads\/2024\/11\/martha_fanni_bemutatkozo.jpg","datePublished":"2024-07-30T21:57:35+00:00","dateModified":"2024-11-16T14:47:15+00:00","description":"Szia! Fanni vagyok.Egy lelkes b\u0151r\u00e1pol\u00f3 \u00e9s a Martha Skincare alap\u00edt\u00f3ja. C\u00e9lom egy \u00faj, tudatos magyar m\u00e1rka l\u00e9trehoz\u00e1sa.","breadcrumb":{"@id":"https:\/\/marthaskincare.hu\/rolunk\/#breadcrumb"},"inLanguage":"en-GB","potentialAction":[{"@type":"ReadAction","target":["https:\/\/marthaskincare.hu\/rolunk\/"]}]},{"@type":"ImageObject","inLanguage":"en-GB","@id":"https:\/\/marthaskincare.hu\/rolunk\/#primaryimage","url":"https:\/\/marthaskincare.hu\/wp-content\/uploads\/2024\/11\/martha_fanni_bemutatkozo.jpg","contentUrl":"https:\/\/marthaskincare.hu\/wp-content\/uploads\/2024\/11\/martha_fanni_bemutatkozo.jpg"},{"@type":"BreadcrumbList","@id":"https:\/\/marthaskincare.hu\/rolunk\/#breadcrumb","itemListElement":[{"@type":"ListItem","position":1,"name":"Kezd\u0151lap","item":"https:\/\/marthaskincare.hu\/"},{"@type":"ListItem","position":2,"name":"R\u00f3lunk"}]},{"@type":"WebSite","@id":"https:\/\/marthaskincare.hu\/#website","url":"https:\/\/marthaskincare.hu\/","name":"Martha Skincare","description":"Komplex formul\u00e1k a tudatos b\u0151r\u00e1pol\u00e1s\u00e9rt","publisher":{"@id":"https:\/\/marthaskincare.hu\/#organization"},"potentialAction":[{"@type":"SearchAction","target":{"@type":"EntryPoint","urlTemplate":"https:\/\/marthaskincare.hu\/?s={search_term_string}"},"query-input":{"@type":"PropertyValueSpecification","valueRequired":true,"valueName":"search_term_string"}}],"inLanguage":"en-GB"},{"@type":"Organization","@id":"https:\/\/marthaskincare.hu\/#organization","name":"Martha Skincare","url":"https:\/\/marthaskincare.hu\/","logo":{"@type":"ImageObject","inLanguage":"en-GB","@id":"https:\/\/marthaskincare.hu\/#\/schema\/logo\/image\/","url":"https:\/\/marthaskincare.hu\/wp-content\/uploads\/2024\/07\/martha_fekete_logo.svg","contentUrl":"https:\/\/marthaskincare.hu\/wp-content\/uploads\/2024\/07\/martha_fekete_logo.svg","width":7532,"height":2962,"caption":"Martha Skincare"},"image":{"@id":"https:\/\/marthaskincare.hu\/#\/schema\/logo\/image\/"},"sameAs":["https:\/\/www.facebook.com\/profile.php?id=61567804058843","https:\/\/www.instagram.com\/marthaskincare_hu\/"]}]}},"_links":{"self":[{"href":"https:\/\/marthaskincare.hu\/en\/wp-json\/wp\/v2\/pages\/404","targetHints":{"allow":["GET"]}}],"collection":[{"href":"https:\/\/marthaskincare.hu\/en\/wp-json\/wp\/v2\/pages"}],"about":[{"href":"https:\/\/marthaskincare.hu\/en\/wp-json\/wp\/v2\/types\/page"}],"author":[{"embeddable":true,"href":"https:\/\/marthaskincare.hu\/en\/wp-json\/wp\/v2\/users\/1"}],"replies":[{"embeddable":true,"href":"https:\/\/marthaskincare.hu\/en\/wp-json\/wp\/v2\/comments?post=404"}],"version-history":[{"count":43,"href":"https:\/\/marthaskincare.hu\/en\/wp-json\/wp\/v2\/pages\/404\/revisions"}],"predecessor-version":[{"id":1078,"href":"https:\/\/marthaskincare.hu\/en\/wp-json\/wp\/v2\/pages\/404\/revisions\/1078"}],"wp:attachment":[{"href":"https:\/\/marthaskincare.hu\/en\/wp-json\/wp\/v2\/media?parent=404"}],"curies":[{"name":"wp","href":"https:\/\/api.w.org\/{rel}","templated":true}]}}