{"id":601,"date":"2024-08-03T20:35:04","date_gmt":"2024-08-03T20:35:04","guid":{"rendered":"https:\/\/marthaskincare.hu\/?page_id=601"},"modified":"2025-10-15T19:57:12","modified_gmt":"2025-10-15T19:57:12","slug":"kosar","status":"publish","type":"page","link":"https:\/\/marthaskincare.hu\/en\/kosar\/","title":{"rendered":"Cart"},"content":{"rendered":"<div data-elementor-type=\"wp-page\" data-elementor-id=\"601\" class=\"elementor elementor-601\" data-elementor-settings=\"{&quot;ha_cmc_init_switcher&quot;:&quot;no&quot;}\" data-elementor-post-type=\"page\">\n\t\t\t\t<div class=\"elementor-element elementor-element-03807c8 e-con-full e-flex e-con e-parent\" data-id=\"03807c8\" data-element_type=\"container\" data-e-type=\"container\" data-settings=\"{&quot;background_background&quot;:&quot;classic&quot;,&quot;_ha_eqh_enable&quot;:false}\">\n\t\t\t\t<div class=\"elementor-element elementor-element-9f1b35c elementor-widget elementor-widget-qi_addons_for_elementor_text_marquee\" data-id=\"9f1b35c\" data-element_type=\"widget\" data-e-type=\"widget\" data-widget_type=\"qi_addons_for_elementor_text_marquee.default\">\n\t\t\t\t<div class=\"elementor-widget-container\">\n\t\t\t\t\t<div class=\"qodef-shortcode qodef-m qodef-qi-text-marquee qodef-layout--default\">\n\t<div class=\"qodef-m-content\">\n\t\t<div class=\"qodef-m-text qodef-text--original\">\n\t\t\t\t\t\t\t<span class=\"qodef-m-text-item elementor-repeater-item-dab4d01\" >Ingyenes sz\u00e1ll\u00edt\u00e1s 27.000 Ft felett<\/span>\n\t\t\t\t<span class=\"qodef-e-icon-holder\">\n\t<svg aria-hidden=\"true\" class=\"e-font-icon-svg e-fas-truck\" viewbox=\"0 0 640 512\" xmlns=\"http:\/\/www.w3.org\/2000\/svg\"><path d=\"M624 352h-16V243.9c0-12.7-5.1-24.9-14.1-33.9L494 110.1c-9-9-21.2-14.1-33.9-14.1H416V48c0-26.5-21.5-48-48-48H48C21.5 0 0 21.5 0 48v320c0 26.5 21.5 48 48 48h16c0 53 43 96 96 96s96-43 96-96h128c0 53 43 96 96 96s96-43 96-96h48c8.8 0 16-7.2 16-16v-32c0-8.8-7.2-16-16-16zM160 464c-26.5 0-48-21.5-48-48s21.5-48 48-48 48 21.5 48 48-21.5 48-48 48zm320 0c-26.5 0-48-21.5-48-48s21.5-48 48-48 48 21.5 48 48-21.5 48-48 48zm80-208H416V144h44.1l99.9 99.9V256z\"><\/path><\/svg><\/span>\n\t\t\t\t\t\t\t<span class=\"qodef-m-text-item elementor-repeater-item-763d758\" >Ingyenes sz\u00e1ll\u00edt\u00e1s 27.000 Ft felett<\/span>\n\t\t\t\t<span class=\"qodef-e-icon-holder\">\n\t<svg aria-hidden=\"true\" class=\"e-font-icon-svg e-fas-truck\" viewbox=\"0 0 640 512\" xmlns=\"http:\/\/www.w3.org\/2000\/svg\"><path d=\"M624 352h-16V243.9c0-12.7-5.1-24.9-14.1-33.9L494 110.1c-9-9-21.2-14.1-33.9-14.1H416V48c0-26.5-21.5-48-48-48H48C21.5 0 0 21.5 0 48v320c0 26.5 21.5 48 48 48h16c0 53 43 96 96 96s96-43 96-96h128c0 53 43 96 96 96s96-43 96-96h48c8.8 0 16-7.2 16-16v-32c0-8.8-7.2-16-16-16zM160 464c-26.5 0-48-21.5-48-48s21.5-48 48-48 48 21.5 48 48-21.5 48-48 48zm320 0c-26.5 0-48-21.5-48-48s21.5-48 48-48 48 21.5 48 48-21.5 48-48 48zm80-208H416V144h44.1l99.9 99.9V256z\"><\/path><\/svg><\/span>\n\t\t\t\t\t\t\t<span class=\"qodef-m-text-item elementor-repeater-item-f07d4b2\" >Ingyenes sz\u00e1ll\u00edt\u00e1s 27.000 Ft felett<\/span>\n\t\t\t\t<span class=\"qodef-e-icon-holder\">\n\t<svg aria-hidden=\"true\" class=\"e-font-icon-svg e-fas-truck\" viewbox=\"0 0 640 512\" xmlns=\"http:\/\/www.w3.org\/2000\/svg\"><path d=\"M624 352h-16V243.9c0-12.7-5.1-24.9-14.1-33.9L494 110.1c-9-9-21.2-14.1-33.9-14.1H416V48c0-26.5-21.5-48-48-48H48C21.5 0 0 21.5 0 48v320c0 26.5 21.5 48 48 48h16c0 53 43 96 96 96s96-43 96-96h128c0 53 43 96 96 96s96-43 96-96h48c8.8 0 16-7.2 16-16v-32c0-8.8-7.2-16-16-16zM160 464c-26.5 0-48-21.5-48-48s21.5-48 48-48 48 21.5 48 48-21.5 48-48 48zm320 0c-26.5 0-48-21.5-48-48s21.5-48 48-48 48 21.5 48 48-21.5 48-48 48zm80-208H416V144h44.1l99.9 99.9V256z\"><\/path><\/svg><\/span>\n\t\t\t\t\t\t\t<span class=\"qodef-m-text-item elementor-repeater-item-fa546ed\" >Ingyenes sz\u00e1ll\u00edt\u00e1s 27.000 Ft felett<\/span>\n\t\t\t\t<span class=\"qodef-e-icon-holder\">\n\t<svg aria-hidden=\"true\" class=\"e-font-icon-svg e-fas-truck\" viewbox=\"0 0 640 512\" xmlns=\"http:\/\/www.w3.org\/2000\/svg\"><path d=\"M624 352h-16V243.9c0-12.7-5.1-24.9-14.1-33.9L494 110.1c-9-9-21.2-14.1-33.9-14.1H416V48c0-26.5-21.5-48-48-48H48C21.5 0 0 21.5 0 48v320c0 26.5 21.5 48 48 48h16c0 53 43 96 96 96s96-43 96-96h128c0 53 43 96 96 96s96-43 96-96h48c8.8 0 16-7.2 16-16v-32c0-8.8-7.2-16-16-16zM160 464c-26.5 0-48-21.5-48-48s21.5-48 48-48 48 21.5 48 48-21.5 48-48 48zm320 0c-26.5 0-48-21.5-48-48s21.5-48 48-48 48 21.5 48 48-21.5 48-48 48zm80-208H416V144h44.1l99.9 99.9V256z\"><\/path><\/svg><\/span>\n\t\t\t\t\t<\/div>\n\t\t<div class=\"qodef-m-text qodef-text--copy\">\n\t\t\t\t\t\t\t<span class=\"qodef-m-text-item elementor-repeater-item-dab4d01\" >Ingyenes sz\u00e1ll\u00edt\u00e1s 27.000 Ft felett<\/span>\n\t\t\t\t<span class=\"qodef-e-icon-holder\">\n\t<svg aria-hidden=\"true\" class=\"e-font-icon-svg e-fas-truck\" viewbox=\"0 0 640 512\" xmlns=\"http:\/\/www.w3.org\/2000\/svg\"><path d=\"M624 352h-16V243.9c0-12.7-5.1-24.9-14.1-33.9L494 110.1c-9-9-21.2-14.1-33.9-14.1H416V48c0-26.5-21.5-48-48-48H48C21.5 0 0 21.5 0 48v320c0 26.5 21.5 48 48 48h16c0 53 43 96 96 96s96-43 96-96h128c0 53 43 96 96 96s96-43 96-96h48c8.8 0 16-7.2 16-16v-32c0-8.8-7.2-16-16-16zM160 464c-26.5 0-48-21.5-48-48s21.5-48 48-48 48 21.5 48 48-21.5 48-48 48zm320 0c-26.5 0-48-21.5-48-48s21.5-48 48-48 48 21.5 48 48-21.5 48-48 48zm80-208H416V144h44.1l99.9 99.9V256z\"><\/path><\/svg><\/span>\n\t\t\t\t\t\t\t<span class=\"qodef-m-text-item elementor-repeater-item-763d758\" >Ingyenes sz\u00e1ll\u00edt\u00e1s 27.000 Ft felett<\/span>\n\t\t\t\t<span class=\"qodef-e-icon-holder\">\n\t<svg aria-hidden=\"true\" class=\"e-font-icon-svg e-fas-truck\" viewbox=\"0 0 640 512\" xmlns=\"http:\/\/www.w3.org\/2000\/svg\"><path d=\"M624 352h-16V243.9c0-12.7-5.1-24.9-14.1-33.9L494 110.1c-9-9-21.2-14.1-33.9-14.1H416V48c0-26.5-21.5-48-48-48H48C21.5 0 0 21.5 0 48v320c0 26.5 21.5 48 48 48h16c0 53 43 96 96 96s96-43 96-96h128c0 53 43 96 96 96s96-43 96-96h48c8.8 0 16-7.2 16-16v-32c0-8.8-7.2-16-16-16zM160 464c-26.5 0-48-21.5-48-48s21.5-48 48-48 48 21.5 48 48-21.5 48-48 48zm320 0c-26.5 0-48-21.5-48-48s21.5-48 48-48 48 21.5 48 48-21.5 48-48 48zm80-208H416V144h44.1l99.9 99.9V256z\"><\/path><\/svg><\/span>\n\t\t\t\t\t\t\t<span class=\"qodef-m-text-item elementor-repeater-item-f07d4b2\" >Ingyenes sz\u00e1ll\u00edt\u00e1s 27.000 Ft felett<\/span>\n\t\t\t\t<span class=\"qodef-e-icon-holder\">\n\t<svg aria-hidden=\"true\" class=\"e-font-icon-svg e-fas-truck\" viewbox=\"0 0 640 512\" xmlns=\"http:\/\/www.w3.org\/2000\/svg\"><path d=\"M624 352h-16V243.9c0-12.7-5.1-24.9-14.1-33.9L494 110.1c-9-9-21.2-14.1-33.9-14.1H416V48c0-26.5-21.5-48-48-48H48C21.5 0 0 21.5 0 48v320c0 26.5 21.5 48 48 48h16c0 53 43 96 96 96s96-43 96-96h128c0 53 43 96 96 96s96-43 96-96h48c8.8 0 16-7.2 16-16v-32c0-8.8-7.2-16-16-16zM160 464c-26.5 0-48-21.5-48-48s21.5-48 48-48 48 21.5 48 48-21.5 48-48 48zm320 0c-26.5 0-48-21.5-48-48s21.5-48 48-48 48 21.5 48 48-21.5 48-48 48zm80-208H416V144h44.1l99.9 99.9V256z\"><\/path><\/svg><\/span>\n\t\t\t\t\t\t\t<span class=\"qodef-m-text-item elementor-repeater-item-fa546ed\" >Ingyenes sz\u00e1ll\u00edt\u00e1s 27.000 Ft felett<\/span>\n\t\t\t\t<span class=\"qodef-e-icon-holder\">\n\t<svg aria-hidden=\"true\" class=\"e-font-icon-svg e-fas-truck\" viewbox=\"0 0 640 512\" xmlns=\"http:\/\/www.w3.org\/2000\/svg\"><path d=\"M624 352h-16V243.9c0-12.7-5.1-24.9-14.1-33.9L494 110.1c-9-9-21.2-14.1-33.9-14.1H416V48c0-26.5-21.5-48-48-48H48C21.5 0 0 21.5 0 48v320c0 26.5 21.5 48 48 48h16c0 53 43 96 96 96s96-43 96-96h128c0 53 43 96 96 96s96-43 96-96h48c8.8 0 16-7.2 16-16v-32c0-8.8-7.2-16-16-16zM160 464c-26.5 0-48-21.5-48-48s21.5-48 48-48 48 21.5 48 48-21.5 48-48 48zm320 0c-26.5 0-48-21.5-48-48s21.5-48 48-48 48 21.5 48 48-21.5 48-48 48zm80-208H416V144h44.1l99.9 99.9V256z\"><\/path><\/svg><\/span>\n\t\t\t\t\t<\/div>\n\t<\/div>\n<\/div>\n\t\t\t\t<\/div>\n\t\t\t\t<\/div>\n\t\t\t\t<\/div>\n\t\t<div class=\"elementor-element elementor-element-50de6a15 e-flex e-con-boxed e-con e-parent\" data-id=\"50de6a15\" data-element_type=\"container\" data-e-type=\"container\" data-settings=\"{&quot;_ha_eqh_enable&quot;:false}\">\n\t\t\t\t\t<div class=\"e-con-inner\">\n\t\t\t\t<div class=\"elementor-element elementor-element-c6f0ad3 e-cart-layout-two-column elementor-widget elementor-widget-woocommerce-cart\" data-id=\"c6f0ad3\" data-element_type=\"widget\" data-e-type=\"widget\" data-widget_type=\"woocommerce-cart.default\">\n\t\t\t\t<div class=\"elementor-widget-container\">\n\t\t\t\t\t<div class=\"woocommerce\"><div class=\"woocommerce-notices-wrapper\"><\/div><div class=\"wc-empty-cart-message\">\n\t<div class=\"cart-empty woocommerce-info\" role=\"status\">\n\t\tYour basket is currently empty.\t<\/div>\n<\/div>\t<p class=\"return-to-shop\">\n\t\t<a class=\"button wc-backward\" href=\"https:\/\/marthaskincare.hu\/en\/termekek\/\">\n\t\t\tReturn to shop\t\t<\/a>\n\t<\/p>\n<\/div>\t\t\t\t<\/div>\n\t\t\t\t<\/div>\n\t\t\t\t\t<\/div>\n\t\t\t\t<\/div>\n\t\t\t\t<\/div>","protected":false},"excerpt":{"rendered":"<p>Ingyenes sz\u00e1ll\u00edt\u00e1s 27.000 Ft felett Ingyenes sz\u00e1ll\u00edt\u00e1s 27.000 Ft felett Ingyenes sz\u00e1ll\u00edt\u00e1s 27.000 Ft felett Ingyenes sz\u00e1ll\u00edt\u00e1s 27.000 Ft felett Ingyenes sz\u00e1ll\u00edt\u00e1s 27.000 Ft felett Ingyenes sz\u00e1ll\u00edt\u00e1s 27.000 Ft felett Ingyenes sz\u00e1ll\u00edt\u00e1s 27.000 Ft felett Ingyenes sz\u00e1ll\u00edt\u00e1s 27.000 Ft felett T\u00e9tel t\u00f6rl\u00e9se B\u00e9lyegk\u00e9p Term\u00e9k \u00c1r Mennyis\u00e9g R\u00e9sz\u00f6sszeg &times; Dupla csomag Ceramidok + b\u00e9ta-gl\u00fck\u00e1n sz\u00e9rum 12.390&nbsp;&#70;&#116; [&hellip;]<\/p>","protected":false},"author":1,"featured_media":0,"parent":0,"menu_order":0,"comment_status":"closed","ping_status":"closed","template":"","meta":{"_acf_changed":false,"_mo_disable_npp":"","footnotes":""},"class_list":["post-601","page","type-page","status-publish","hentry"],"acf":[],"yoast_head":"<!-- This site is optimized with the Yoast SEO plugin v27.4 - https:\/\/yoast.com\/product\/yoast-seo-wordpress\/ -->\n<title>Kos\u00e1r - Martha Skincare<\/title>\n<meta name=\"robots\" content=\"index, follow, max-snippet:-1, max-image-preview:large, max-video-preview:-1\" \/>\n<link rel=\"canonical\" href=\"https:\/\/marthaskincare.hu\/en\/kosar\/\" \/>\n<meta property=\"og:locale\" content=\"en_GB\" \/>\n<meta property=\"og:type\" content=\"article\" \/>\n<meta property=\"og:title\" content=\"Kos\u00e1r - Martha Skincare\" \/>\n<meta property=\"og:description\" content=\"Ingyenes sz\u00e1ll\u00edt\u00e1s 27.000 Ft felett Ingyenes sz\u00e1ll\u00edt\u00e1s 27.000 Ft felett Ingyenes sz\u00e1ll\u00edt\u00e1s 27.000 Ft felett Ingyenes sz\u00e1ll\u00edt\u00e1s 27.000 Ft felett Ingyenes sz\u00e1ll\u00edt\u00e1s 27.000 Ft felett Ingyenes sz\u00e1ll\u00edt\u00e1s 27.000 Ft felett Ingyenes sz\u00e1ll\u00edt\u00e1s 27.000 Ft felett Ingyenes sz\u00e1ll\u00edt\u00e1s 27.000 Ft felett T\u00e9tel t\u00f6rl\u00e9se B\u00e9lyegk\u00e9p Term\u00e9k \u00c1r Mennyis\u00e9g R\u00e9sz\u00f6sszeg &times; Dupla csomag Ceramidok + b\u00e9ta-gl\u00fck\u00e1n sz\u00e9rum 12.390&nbsp;&#070;&#116; [&hellip;]\" \/>\n<meta property=\"og:url\" content=\"https:\/\/marthaskincare.hu\/en\/kosar\/\" \/>\n<meta property=\"og:site_name\" content=\"Martha Skincare\" \/>\n<meta property=\"article:publisher\" content=\"https:\/\/www.facebook.com\/profile.php?id=61567804058843\" \/>\n<meta property=\"article:modified_time\" content=\"2025-10-15T19:57:12+00:00\" \/>\n<meta property=\"og:image\" content=\"https:\/\/marthaskincare.hu\/wp-content\/uploads\/2024\/08\/ceramidok_cs-300x300.jpg\" \/>\n<meta name=\"twitter:card\" content=\"summary_large_image\" \/>\n<meta name=\"twitter:label1\" content=\"Estimated reading time\" \/>\n\t<meta name=\"twitter:data1\" content=\"2 minutes\" \/>\n<script type=\"application\/ld+json\" class=\"yoast-schema-graph\">{\"@context\":\"https:\\\/\\\/schema.org\",\"@graph\":[{\"@type\":\"WebPage\",\"@id\":\"https:\\\/\\\/marthaskincare.hu\\\/kosar\\\/\",\"url\":\"https:\\\/\\\/marthaskincare.hu\\\/kosar\\\/\",\"name\":\"Kos\u00e1r - Martha Skincare\",\"isPartOf\":{\"@id\":\"https:\\\/\\\/marthaskincare.hu\\\/#website\"},\"primaryImageOfPage\":{\"@id\":\"https:\\\/\\\/marthaskincare.hu\\\/kosar\\\/#primaryimage\"},\"image\":{\"@id\":\"https:\\\/\\\/marthaskincare.hu\\\/kosar\\\/#primaryimage\"},\"thumbnailUrl\":\"https:\\\/\\\/marthaskincare.hu\\\/wp-content\\\/uploads\\\/2024\\\/08\\\/ceramidok_cs-300x300.jpg\",\"datePublished\":\"2024-08-03T20:35:04+00:00\",\"dateModified\":\"2025-10-15T19:57:12+00:00\",\"breadcrumb\":{\"@id\":\"https:\\\/\\\/marthaskincare.hu\\\/kosar\\\/#breadcrumb\"},\"inLanguage\":\"en-GB\",\"potentialAction\":[{\"@type\":\"ReadAction\",\"target\":[\"https:\\\/\\\/marthaskincare.hu\\\/kosar\\\/\"]}]},{\"@type\":\"ImageObject\",\"inLanguage\":\"en-GB\",\"@id\":\"https:\\\/\\\/marthaskincare.hu\\\/kosar\\\/#primaryimage\",\"url\":\"https:\\\/\\\/marthaskincare.hu\\\/wp-content\\\/uploads\\\/2024\\\/08\\\/ceramidok_cs-300x300.jpg\",\"contentUrl\":\"https:\\\/\\\/marthaskincare.hu\\\/wp-content\\\/uploads\\\/2024\\\/08\\\/ceramidok_cs-300x300.jpg\"},{\"@type\":\"BreadcrumbList\",\"@id\":\"https:\\\/\\\/marthaskincare.hu\\\/kosar\\\/#breadcrumb\",\"itemListElement\":[{\"@type\":\"ListItem\",\"position\":1,\"name\":\"Kezd\u0151lap\",\"item\":\"https:\\\/\\\/marthaskincare.hu\\\/\"},{\"@type\":\"ListItem\",\"position\":2,\"name\":\"Kos\u00e1r\"}]},{\"@type\":\"WebSite\",\"@id\":\"https:\\\/\\\/marthaskincare.hu\\\/#website\",\"url\":\"https:\\\/\\\/marthaskincare.hu\\\/\",\"name\":\"Martha Skincare\",\"description\":\"Komplex formul\u00e1k a tudatos b\u0151r\u00e1pol\u00e1s\u00e9rt\",\"publisher\":{\"@id\":\"https:\\\/\\\/marthaskincare.hu\\\/#organization\"},\"potentialAction\":[{\"@type\":\"SearchAction\",\"target\":{\"@type\":\"EntryPoint\",\"urlTemplate\":\"https:\\\/\\\/marthaskincare.hu\\\/?s={search_term_string}\"},\"query-input\":{\"@type\":\"PropertyValueSpecification\",\"valueRequired\":true,\"valueName\":\"search_term_string\"}}],\"inLanguage\":\"en-GB\"},{\"@type\":\"Organization\",\"@id\":\"https:\\\/\\\/marthaskincare.hu\\\/#organization\",\"name\":\"Martha Skincare\",\"url\":\"https:\\\/\\\/marthaskincare.hu\\\/\",\"logo\":{\"@type\":\"ImageObject\",\"inLanguage\":\"en-GB\",\"@id\":\"https:\\\/\\\/marthaskincare.hu\\\/#\\\/schema\\\/logo\\\/image\\\/\",\"url\":\"https:\\\/\\\/marthaskincare.hu\\\/wp-content\\\/uploads\\\/2024\\\/07\\\/martha_fekete_logo.svg\",\"contentUrl\":\"https:\\\/\\\/marthaskincare.hu\\\/wp-content\\\/uploads\\\/2024\\\/07\\\/martha_fekete_logo.svg\",\"width\":7532,\"height\":2962,\"caption\":\"Martha Skincare\"},\"image\":{\"@id\":\"https:\\\/\\\/marthaskincare.hu\\\/#\\\/schema\\\/logo\\\/image\\\/\"},\"sameAs\":[\"https:\\\/\\\/www.facebook.com\\\/profile.php?id=61567804058843\",\"https:\\\/\\\/www.instagram.com\\\/marthaskincare_hu\\\/\"]}]}<\/script>\n<!-- \/ Yoast SEO plugin. -->","yoast_head_json":{"title":"Kos\u00e1r - Martha Skincare","robots":{"index":"index","follow":"follow","max-snippet":"max-snippet:-1","max-image-preview":"max-image-preview:large","max-video-preview":"max-video-preview:-1"},"canonical":"https:\/\/marthaskincare.hu\/en\/kosar\/","og_locale":"en_GB","og_type":"article","og_title":"Kos\u00e1r - Martha Skincare","og_description":"Ingyenes sz\u00e1ll\u00edt\u00e1s 27.000 Ft felett Ingyenes sz\u00e1ll\u00edt\u00e1s 27.000 Ft felett Ingyenes sz\u00e1ll\u00edt\u00e1s 27.000 Ft felett Ingyenes sz\u00e1ll\u00edt\u00e1s 27.000 Ft felett Ingyenes sz\u00e1ll\u00edt\u00e1s 27.000 Ft felett Ingyenes sz\u00e1ll\u00edt\u00e1s 27.000 Ft felett Ingyenes sz\u00e1ll\u00edt\u00e1s 27.000 Ft felett Ingyenes sz\u00e1ll\u00edt\u00e1s 27.000 Ft felett T\u00e9tel t\u00f6rl\u00e9se B\u00e9lyegk\u00e9p Term\u00e9k \u00c1r Mennyis\u00e9g R\u00e9sz\u00f6sszeg &times; Dupla csomag Ceramidok + b\u00e9ta-gl\u00fck\u00e1n sz\u00e9rum 12.390&nbsp;&#70;&#116; [&hellip;]","og_url":"https:\/\/marthaskincare.hu\/en\/kosar\/","og_site_name":"Martha Skincare","article_publisher":"https:\/\/www.facebook.com\/profile.php?id=61567804058843","article_modified_time":"2025-10-15T19:57:12+00:00","og_image":[{"url":"https:\/\/marthaskincare.hu\/wp-content\/uploads\/2024\/08\/ceramidok_cs-300x300.jpg","type":"","width":"","height":""}],"twitter_card":"summary_large_image","twitter_misc":{"Estimated reading time":"2 minutes"},"schema":{"@context":"https:\/\/schema.org","@graph":[{"@type":"WebPage","@id":"https:\/\/marthaskincare.hu\/kosar\/","url":"https:\/\/marthaskincare.hu\/kosar\/","name":"Kos\u00e1r - Martha Skincare","isPartOf":{"@id":"https:\/\/marthaskincare.hu\/#website"},"primaryImageOfPage":{"@id":"https:\/\/marthaskincare.hu\/kosar\/#primaryimage"},"image":{"@id":"https:\/\/marthaskincare.hu\/kosar\/#primaryimage"},"thumbnailUrl":"https:\/\/marthaskincare.hu\/wp-content\/uploads\/2024\/08\/ceramidok_cs-300x300.jpg","datePublished":"2024-08-03T20:35:04+00:00","dateModified":"2025-10-15T19:57:12+00:00","breadcrumb":{"@id":"https:\/\/marthaskincare.hu\/kosar\/#breadcrumb"},"inLanguage":"en-GB","potentialAction":[{"@type":"ReadAction","target":["https:\/\/marthaskincare.hu\/kosar\/"]}]},{"@type":"ImageObject","inLanguage":"en-GB","@id":"https:\/\/marthaskincare.hu\/kosar\/#primaryimage","url":"https:\/\/marthaskincare.hu\/wp-content\/uploads\/2024\/08\/ceramidok_cs-300x300.jpg","contentUrl":"https:\/\/marthaskincare.hu\/wp-content\/uploads\/2024\/08\/ceramidok_cs-300x300.jpg"},{"@type":"BreadcrumbList","@id":"https:\/\/marthaskincare.hu\/kosar\/#breadcrumb","itemListElement":[{"@type":"ListItem","position":1,"name":"Kezd\u0151lap","item":"https:\/\/marthaskincare.hu\/"},{"@type":"ListItem","position":2,"name":"Kos\u00e1r"}]},{"@type":"WebSite","@id":"https:\/\/marthaskincare.hu\/#website","url":"https:\/\/marthaskincare.hu\/","name":"Martha Skincare","description":"Komplex formul\u00e1k a tudatos b\u0151r\u00e1pol\u00e1s\u00e9rt","publisher":{"@id":"https:\/\/marthaskincare.hu\/#organization"},"potentialAction":[{"@type":"SearchAction","target":{"@type":"EntryPoint","urlTemplate":"https:\/\/marthaskincare.hu\/?s={search_term_string}"},"query-input":{"@type":"PropertyValueSpecification","valueRequired":true,"valueName":"search_term_string"}}],"inLanguage":"en-GB"},{"@type":"Organization","@id":"https:\/\/marthaskincare.hu\/#organization","name":"Martha Skincare","url":"https:\/\/marthaskincare.hu\/","logo":{"@type":"ImageObject","inLanguage":"en-GB","@id":"https:\/\/marthaskincare.hu\/#\/schema\/logo\/image\/","url":"https:\/\/marthaskincare.hu\/wp-content\/uploads\/2024\/07\/martha_fekete_logo.svg","contentUrl":"https:\/\/marthaskincare.hu\/wp-content\/uploads\/2024\/07\/martha_fekete_logo.svg","width":7532,"height":2962,"caption":"Martha Skincare"},"image":{"@id":"https:\/\/marthaskincare.hu\/#\/schema\/logo\/image\/"},"sameAs":["https:\/\/www.facebook.com\/profile.php?id=61567804058843","https:\/\/www.instagram.com\/marthaskincare_hu\/"]}]}},"_links":{"self":[{"href":"https:\/\/marthaskincare.hu\/en\/wp-json\/wp\/v2\/pages\/601","targetHints":{"allow":["GET"]}}],"collection":[{"href":"https:\/\/marthaskincare.hu\/en\/wp-json\/wp\/v2\/pages"}],"about":[{"href":"https:\/\/marthaskincare.hu\/en\/wp-json\/wp\/v2\/types\/page"}],"author":[{"embeddable":true,"href":"https:\/\/marthaskincare.hu\/en\/wp-json\/wp\/v2\/users\/1"}],"replies":[{"embeddable":true,"href":"https:\/\/marthaskincare.hu\/en\/wp-json\/wp\/v2\/comments?post=601"}],"version-history":[{"count":58,"href":"https:\/\/marthaskincare.hu\/en\/wp-json\/wp\/v2\/pages\/601\/revisions"}],"predecessor-version":[{"id":1867,"href":"https:\/\/marthaskincare.hu\/en\/wp-json\/wp\/v2\/pages\/601\/revisions\/1867"}],"wp:attachment":[{"href":"https:\/\/marthaskincare.hu\/en\/wp-json\/wp\/v2\/media?parent=601"}],"curies":[{"name":"wp","href":"https:\/\/api.w.org\/{rel}","templated":true}]}}