{"id":120,"date":"2024-07-30T17:36:05","date_gmt":"2024-07-30T17:36:05","guid":{"rendered":"https:\/\/marthaskincare.hu\/?post_type=product&#038;p=120"},"modified":"2026-05-06T12:41:05","modified_gmt":"2026-05-06T12:41:05","slug":"8-niacinamid-2-alfa-arbutin-szerum","status":"publish","type":"product","link":"https:\/\/marthaskincare.hu\/en\/uzlet\/szerumok\/8-niacinamid-2-alfa-arbutin-szerum\/","title":{"rendered":"8% niacinamide + 2% alpha-arbutin 30ml serum"},"content":{"rendered":"<p><span style=\"font-weight: 400;\">Pigment spot lightening serum with three types of antioxidants for hyperpigmented skin caused by acne or sun. Working on two fronts with two different action mechanisms this particular formula is able to reduce dark spots with niacinamide and alpha-arbutin widely renown as skin lightening ingredients. Its anti-acne effect is due to its niacinamide content while antioxidants contained play a crucial role in fighting free radicals decelerating aging processes.<\/span><\/p>\n<ul>\n<li style=\"font-weight: 400;\" aria-level=\"1\"><span style=\"font-weight: 400;\">As a so-called multifunctioning ingredient niacinamide blocks the movement of dark pigment towards the surface of the skin and as a result spots are less visible. There is a lot more to this popular ingredient and its worth emphasising its anti-inflammatory and antioxidant effect. It regulates sebum production and promotes some of the most important building blocks of the skin, the synthesis of ceramides.<\/span><\/li>\n<li style=\"font-weight: 400;\" aria-level=\"1\"><span style=\"font-weight: 400;\">Alpha-arbutin also contributes to the reduction of pigment spots though the blocking of the functioning of the enzyme involved in the production of dark pigments.<\/span><\/li>\n<li style=\"font-weight: 400;\" aria-level=\"1\"><span style=\"font-weight: 400;\">Comprising 3 ingredients displaying antioxidant properties it helps fight free radicals as a result decelerating the aging process.\u00a0\u00a0<\/span><\/li>\n<li style=\"font-weight: 400;\" aria-level=\"1\"><span style=\"font-weight: 400;\">A must-have if struggling with acne and blemishes. Being effective against acne niacinamide regulates sebum production while its anti-inflammatory properties are also to be highlighted.\u00a0<\/span><\/li>\n<li style=\"font-weight: 400;\" aria-level=\"1\"><span style=\"font-weight: 400;\">It is fragrance-free characterised by a light, yellow, gel-like texture enhanced with the qualities of quick absorption and easy layering. For all skin types.<\/span><\/li>\n<li style=\"font-weight: 400;\" aria-level=\"1\"><span style=\"font-weight: 400;\">It does not contain any perfumes or irritating alcohols<\/span><\/li>\n<\/ul>","protected":false},"excerpt":{"rendered":"<p>Spot lightening on two fronts<\/p>","protected":false},"featured_media":121,"comment_status":"open","ping_status":"closed","template":"","meta":{"_acf_changed":false,"_mo_disable_npp":""},"product_brand":[],"product_cat":[38,39,25,40,42],"product_tag":[],"class_list":{"0":"post-120","1":"product","2":"type-product","3":"status-publish","4":"has-post-thumbnail","6":"product_cat-pattanasok","7":"product_cat-pigmentfoltok","8":"product_cat-szerumok","9":"product_cat-tag-porusok","10":"product_cat-zsiros-bor","12":"first","13":"instock","14":"shipping-taxable","15":"purchasable","16":"product-type-simple"},"acf":[],"yoast_head":"<!-- This site is optimized with the Yoast SEO plugin v27.4 - https:\/\/yoast.com\/product\/yoast-seo-wordpress\/ -->\n<title>8% niacinamid + 2% alfa-arbutin sz\u00e9rum 30ml - Martha Skincare<\/title>\n<meta name=\"robots\" content=\"index, follow, max-snippet:-1, max-image-preview:large, max-video-preview:-1\" \/>\n<link rel=\"canonical\" href=\"https:\/\/marthaskincare.hu\/en\/uzlet\/szerumok\/8-niacinamid-2-alfa-arbutin-szerum\/\" \/>\n<meta property=\"og:locale\" content=\"en_GB\" \/>\n<meta property=\"og:type\" content=\"article\" \/>\n<meta property=\"og:title\" content=\"8% niacinamid + 2% alfa-arbutin sz\u00e9rum 30ml - Martha Skincare\" \/>\n<meta property=\"og:description\" content=\"Folthalv\u00e1ny\u00edt\u00e1s k\u00e9t fronton\" \/>\n<meta property=\"og:url\" content=\"https:\/\/marthaskincare.hu\/en\/uzlet\/szerumok\/8-niacinamid-2-alfa-arbutin-szerum\/\" \/>\n<meta property=\"og:site_name\" content=\"Martha Skincare\" \/>\n<meta property=\"article:publisher\" content=\"https:\/\/www.facebook.com\/profile.php?id=61567804058843\" \/>\n<meta property=\"article:modified_time\" content=\"2026-05-06T12:41:05+00:00\" \/>\n<meta property=\"og:image\" content=\"https:\/\/marthaskincare.hu\/wp-content\/uploads\/2024\/07\/black_label_antique2-1.jpg\" \/>\n\t<meta property=\"og:image:width\" content=\"600\" \/>\n\t<meta property=\"og:image:height\" content=\"760\" \/>\n\t<meta property=\"og:image:type\" content=\"image\/jpeg\" \/>\n<meta name=\"twitter:card\" content=\"summary_large_image\" \/>\n<meta name=\"twitter:label1\" content=\"Estimated reading time\" \/>\n\t<meta name=\"twitter:data1\" content=\"2 minutes\" \/>\n<script type=\"application\/ld+json\" class=\"yoast-schema-graph\">{\"@context\":\"https:\\\/\\\/schema.org\",\"@graph\":[{\"@type\":\"WebPage\",\"@id\":\"https:\\\/\\\/marthaskincare.hu\\\/uzlet\\\/szerumok\\\/8-niacinamid-2-alfa-arbutin-szerum\\\/\",\"url\":\"https:\\\/\\\/marthaskincare.hu\\\/uzlet\\\/szerumok\\\/8-niacinamid-2-alfa-arbutin-szerum\\\/\",\"name\":\"8% niacinamid + 2% alfa-arbutin sz\u00e9rum 30ml - Martha Skincare\",\"isPartOf\":{\"@id\":\"https:\\\/\\\/marthaskincare.hu\\\/#website\"},\"primaryImageOfPage\":{\"@id\":\"https:\\\/\\\/marthaskincare.hu\\\/uzlet\\\/szerumok\\\/8-niacinamid-2-alfa-arbutin-szerum\\\/#primaryimage\"},\"image\":{\"@id\":\"https:\\\/\\\/marthaskincare.hu\\\/uzlet\\\/szerumok\\\/8-niacinamid-2-alfa-arbutin-szerum\\\/#primaryimage\"},\"thumbnailUrl\":\"https:\\\/\\\/marthaskincare.hu\\\/wp-content\\\/uploads\\\/2024\\\/07\\\/black_label_antique2-1.jpg\",\"datePublished\":\"2024-07-30T17:36:05+00:00\",\"dateModified\":\"2026-05-06T12:41:05+00:00\",\"breadcrumb\":{\"@id\":\"https:\\\/\\\/marthaskincare.hu\\\/uzlet\\\/szerumok\\\/8-niacinamid-2-alfa-arbutin-szerum\\\/#breadcrumb\"},\"inLanguage\":\"en-GB\",\"potentialAction\":[{\"@type\":\"ReadAction\",\"target\":[\"https:\\\/\\\/marthaskincare.hu\\\/uzlet\\\/szerumok\\\/8-niacinamid-2-alfa-arbutin-szerum\\\/\"]}]},{\"@type\":\"ImageObject\",\"inLanguage\":\"en-GB\",\"@id\":\"https:\\\/\\\/marthaskincare.hu\\\/uzlet\\\/szerumok\\\/8-niacinamid-2-alfa-arbutin-szerum\\\/#primaryimage\",\"url\":\"https:\\\/\\\/marthaskincare.hu\\\/wp-content\\\/uploads\\\/2024\\\/07\\\/black_label_antique2-1.jpg\",\"contentUrl\":\"https:\\\/\\\/marthaskincare.hu\\\/wp-content\\\/uploads\\\/2024\\\/07\\\/black_label_antique2-1.jpg\",\"width\":600,\"height\":760},{\"@type\":\"BreadcrumbList\",\"@id\":\"https:\\\/\\\/marthaskincare.hu\\\/uzlet\\\/szerumok\\\/8-niacinamid-2-alfa-arbutin-szerum\\\/#breadcrumb\",\"itemListElement\":[{\"@type\":\"ListItem\",\"position\":1,\"name\":\"Kezd\u0151lap\",\"item\":\"https:\\\/\\\/marthaskincare.hu\\\/\"},{\"@type\":\"ListItem\",\"position\":2,\"name\":\"Term\u00e9kek\",\"item\":\"https:\\\/\\\/marthaskincare.hu\\\/termekek\\\/\"},{\"@type\":\"ListItem\",\"position\":3,\"name\":\"8% niacinamid + 2% alfa-arbutin sz\u00e9rum 30ml\"}]},{\"@type\":\"WebSite\",\"@id\":\"https:\\\/\\\/marthaskincare.hu\\\/#website\",\"url\":\"https:\\\/\\\/marthaskincare.hu\\\/\",\"name\":\"Martha Skincare\",\"description\":\"Komplex formul\u00e1k a tudatos b\u0151r\u00e1pol\u00e1s\u00e9rt\",\"publisher\":{\"@id\":\"https:\\\/\\\/marthaskincare.hu\\\/#organization\"},\"potentialAction\":[{\"@type\":\"SearchAction\",\"target\":{\"@type\":\"EntryPoint\",\"urlTemplate\":\"https:\\\/\\\/marthaskincare.hu\\\/?s={search_term_string}\"},\"query-input\":{\"@type\":\"PropertyValueSpecification\",\"valueRequired\":true,\"valueName\":\"search_term_string\"}}],\"inLanguage\":\"en-GB\"},{\"@type\":\"Organization\",\"@id\":\"https:\\\/\\\/marthaskincare.hu\\\/#organization\",\"name\":\"Martha Skincare\",\"url\":\"https:\\\/\\\/marthaskincare.hu\\\/\",\"logo\":{\"@type\":\"ImageObject\",\"inLanguage\":\"en-GB\",\"@id\":\"https:\\\/\\\/marthaskincare.hu\\\/#\\\/schema\\\/logo\\\/image\\\/\",\"url\":\"https:\\\/\\\/marthaskincare.hu\\\/wp-content\\\/uploads\\\/2024\\\/07\\\/martha_fekete_logo.svg\",\"contentUrl\":\"https:\\\/\\\/marthaskincare.hu\\\/wp-content\\\/uploads\\\/2024\\\/07\\\/martha_fekete_logo.svg\",\"width\":7532,\"height\":2962,\"caption\":\"Martha Skincare\"},\"image\":{\"@id\":\"https:\\\/\\\/marthaskincare.hu\\\/#\\\/schema\\\/logo\\\/image\\\/\"},\"sameAs\":[\"https:\\\/\\\/www.facebook.com\\\/profile.php?id=61567804058843\",\"https:\\\/\\\/www.instagram.com\\\/marthaskincare_hu\\\/\"]}]}<\/script>\n<!-- \/ Yoast SEO plugin. -->","yoast_head_json":{"title":"8% niacinamid + 2% alfa-arbutin sz\u00e9rum 30ml - Martha Skincare","robots":{"index":"index","follow":"follow","max-snippet":"max-snippet:-1","max-image-preview":"max-image-preview:large","max-video-preview":"max-video-preview:-1"},"canonical":"https:\/\/marthaskincare.hu\/en\/uzlet\/szerumok\/8-niacinamid-2-alfa-arbutin-szerum\/","og_locale":"en_GB","og_type":"article","og_title":"8% niacinamid + 2% alfa-arbutin sz\u00e9rum 30ml - Martha Skincare","og_description":"Folthalv\u00e1ny\u00edt\u00e1s k\u00e9t fronton","og_url":"https:\/\/marthaskincare.hu\/en\/uzlet\/szerumok\/8-niacinamid-2-alfa-arbutin-szerum\/","og_site_name":"Martha Skincare","article_publisher":"https:\/\/www.facebook.com\/profile.php?id=61567804058843","article_modified_time":"2026-05-06T12:41:05+00:00","og_image":[{"width":600,"height":760,"url":"https:\/\/marthaskincare.hu\/wp-content\/uploads\/2024\/07\/black_label_antique2-1.jpg","type":"image\/jpeg"}],"twitter_card":"summary_large_image","twitter_misc":{"Estimated reading time":"2 minutes"},"schema":{"@context":"https:\/\/schema.org","@graph":[{"@type":"WebPage","@id":"https:\/\/marthaskincare.hu\/uzlet\/szerumok\/8-niacinamid-2-alfa-arbutin-szerum\/","url":"https:\/\/marthaskincare.hu\/uzlet\/szerumok\/8-niacinamid-2-alfa-arbutin-szerum\/","name":"8% niacinamid + 2% alfa-arbutin sz\u00e9rum 30ml - Martha Skincare","isPartOf":{"@id":"https:\/\/marthaskincare.hu\/#website"},"primaryImageOfPage":{"@id":"https:\/\/marthaskincare.hu\/uzlet\/szerumok\/8-niacinamid-2-alfa-arbutin-szerum\/#primaryimage"},"image":{"@id":"https:\/\/marthaskincare.hu\/uzlet\/szerumok\/8-niacinamid-2-alfa-arbutin-szerum\/#primaryimage"},"thumbnailUrl":"https:\/\/marthaskincare.hu\/wp-content\/uploads\/2024\/07\/black_label_antique2-1.jpg","datePublished":"2024-07-30T17:36:05+00:00","dateModified":"2026-05-06T12:41:05+00:00","breadcrumb":{"@id":"https:\/\/marthaskincare.hu\/uzlet\/szerumok\/8-niacinamid-2-alfa-arbutin-szerum\/#breadcrumb"},"inLanguage":"en-GB","potentialAction":[{"@type":"ReadAction","target":["https:\/\/marthaskincare.hu\/uzlet\/szerumok\/8-niacinamid-2-alfa-arbutin-szerum\/"]}]},{"@type":"ImageObject","inLanguage":"en-GB","@id":"https:\/\/marthaskincare.hu\/uzlet\/szerumok\/8-niacinamid-2-alfa-arbutin-szerum\/#primaryimage","url":"https:\/\/marthaskincare.hu\/wp-content\/uploads\/2024\/07\/black_label_antique2-1.jpg","contentUrl":"https:\/\/marthaskincare.hu\/wp-content\/uploads\/2024\/07\/black_label_antique2-1.jpg","width":600,"height":760},{"@type":"BreadcrumbList","@id":"https:\/\/marthaskincare.hu\/uzlet\/szerumok\/8-niacinamid-2-alfa-arbutin-szerum\/#breadcrumb","itemListElement":[{"@type":"ListItem","position":1,"name":"Kezd\u0151lap","item":"https:\/\/marthaskincare.hu\/"},{"@type":"ListItem","position":2,"name":"Term\u00e9kek","item":"https:\/\/marthaskincare.hu\/termekek\/"},{"@type":"ListItem","position":3,"name":"8% niacinamid + 2% alfa-arbutin sz\u00e9rum 30ml"}]},{"@type":"WebSite","@id":"https:\/\/marthaskincare.hu\/#website","url":"https:\/\/marthaskincare.hu\/","name":"Martha Skincare","description":"Komplex formul\u00e1k a tudatos b\u0151r\u00e1pol\u00e1s\u00e9rt","publisher":{"@id":"https:\/\/marthaskincare.hu\/#organization"},"potentialAction":[{"@type":"SearchAction","target":{"@type":"EntryPoint","urlTemplate":"https:\/\/marthaskincare.hu\/?s={search_term_string}"},"query-input":{"@type":"PropertyValueSpecification","valueRequired":true,"valueName":"search_term_string"}}],"inLanguage":"en-GB"},{"@type":"Organization","@id":"https:\/\/marthaskincare.hu\/#organization","name":"Martha Skincare","url":"https:\/\/marthaskincare.hu\/","logo":{"@type":"ImageObject","inLanguage":"en-GB","@id":"https:\/\/marthaskincare.hu\/#\/schema\/logo\/image\/","url":"https:\/\/marthaskincare.hu\/wp-content\/uploads\/2024\/07\/martha_fekete_logo.svg","contentUrl":"https:\/\/marthaskincare.hu\/wp-content\/uploads\/2024\/07\/martha_fekete_logo.svg","width":7532,"height":2962,"caption":"Martha Skincare"},"image":{"@id":"https:\/\/marthaskincare.hu\/#\/schema\/logo\/image\/"},"sameAs":["https:\/\/www.facebook.com\/profile.php?id=61567804058843","https:\/\/www.instagram.com\/marthaskincare_hu\/"]}]}},"_links":{"self":[{"href":"https:\/\/marthaskincare.hu\/en\/wp-json\/wp\/v2\/product\/120","targetHints":{"allow":["GET"]}}],"collection":[{"href":"https:\/\/marthaskincare.hu\/en\/wp-json\/wp\/v2\/product"}],"about":[{"href":"https:\/\/marthaskincare.hu\/en\/wp-json\/wp\/v2\/types\/product"}],"replies":[{"embeddable":true,"href":"https:\/\/marthaskincare.hu\/en\/wp-json\/wp\/v2\/comments?post=120"}],"wp:featuredmedia":[{"embeddable":true,"href":"https:\/\/marthaskincare.hu\/en\/wp-json\/wp\/v2\/media\/121"}],"wp:attachment":[{"href":"https:\/\/marthaskincare.hu\/en\/wp-json\/wp\/v2\/media?parent=120"}],"wp:term":[{"taxonomy":"product_brand","embeddable":true,"href":"https:\/\/marthaskincare.hu\/en\/wp-json\/wp\/v2\/product_brand?post=120"},{"taxonomy":"product_cat","embeddable":true,"href":"https:\/\/marthaskincare.hu\/en\/wp-json\/wp\/v2\/product_cat?post=120"},{"taxonomy":"product_tag","embeddable":true,"href":"https:\/\/marthaskincare.hu\/en\/wp-json\/wp\/v2\/product_tag?post=120"}],"curies":[{"name":"wp","href":"https:\/\/api.w.org\/{rel}","templated":true}]}}