{"id":2372,"date":"2025-12-11T19:57:38","date_gmt":"2025-12-11T19:57:38","guid":{"rendered":"https:\/\/marthaskincare.hu\/?post_type=product&#038;p=2372"},"modified":"2025-12-11T19:58:13","modified_gmt":"2025-12-11T19:58:13","slug":"karacsonyi-martha-skincare-deluxe-csomag","status":"publish","type":"product","link":"https:\/\/marthaskincare.hu\/en\/uzlet\/csomagajanlatok\/karacsonyi-martha-skincare-deluxe-csomag\/","title":{"rendered":"Kar\u00e1csonyi Martha Skincare Deluxe csomag"},"content":{"rendered":"<p>The Martha Skincare Deluxe bundle is ideal for all skin types, and the different serums target the most common skin concerns. Whether your goal is to hydrate your skin, reduce fine lines, strengthen your skin barrier, or lighten dark spots, this package has a solution for everything.<\/p>\n<p>The bundle includes:<\/p>\n<ul>\n<li>1 piece of <a href=\"https:\/\/marthaskincare.hu\/en\/uzlet\/szerumok\/10-azealinsav-bha-kremszerum\/\">10% azelaic acid + BHA Cream serum<\/a><\/li>\n<li>1 piece of <a href=\"https:\/\/marthaskincare.hu\/en\/uzlet\/szerumok\/8-niacinamid-2-alfa-arbutin-szerum\/\">8% niacinamide + 2% alpha-arbutin 30ml serum<\/a><\/li>\n<li>1 piece of <a href=\"https:\/\/marthaskincare.hu\/en\/uzlet\/szerumok\/8-peptid-10-nmf-szerum\/\">8% peptide + 10% NMF 30ml serum<\/a><\/li>\n<li>1 piece of <a href=\"https:\/\/marthaskincare.hu\/en\/uzlet\/szerumok\/ceramidok-beta-glukan-szerum\/\">Ceramides + beta-glucan 30ml serum<\/a><\/li>\n<\/ul>\n<p>Gondosan \u00f6ssze\u00e1ll\u00edtva, \u00fcnnepi csomagol\u00e1sban: egy aj\u00e1nd\u00e9k, amit csak \u00e1t kell ny\u00fajtanod.<\/p>","protected":false},"excerpt":{"rendered":"<p>Minden b\u0151rt\u00edpus sz\u00e1m\u00e1ra<\/p>","protected":false},"featured_media":1261,"comment_status":"open","ping_status":"closed","template":"","meta":{"_acf_changed":false,"_mo_disable_npp":""},"product_brand":[],"product_cat":[24,36,37,38,39,40,41,42],"product_tag":[],"class_list":{"0":"post-2372","1":"product","2":"type-product","3":"status-publish","4":"has-post-thumbnail","6":"product_cat-csomagajanlatok","7":"product_cat-irritalt-bor","8":"product_cat-oregedo-bor","9":"product_cat-pattanasok","10":"product_cat-pigmentfoltok","11":"product_cat-tag-porusok","12":"product_cat-vizhianyos-bor","13":"product_cat-zsiros-bor","15":"first","16":"instock","17":"sale","18":"shipping-taxable","19":"purchasable","20":"product-type-woosb"},"acf":[],"yoast_head":"<!-- This site is optimized with the Yoast SEO plugin v27.4 - https:\/\/yoast.com\/product\/yoast-seo-wordpress\/ -->\n<title>Kar\u00e1csonyi Martha Skincare Deluxe csomag - Martha Skincare<\/title>\n<meta name=\"robots\" content=\"index, follow, max-snippet:-1, max-image-preview:large, max-video-preview:-1\" \/>\n<link rel=\"canonical\" href=\"https:\/\/marthaskincare.hu\/en\/uzlet\/csomagajanlatok\/karacsonyi-martha-skincare-deluxe-csomag\/\" \/>\n<meta property=\"og:locale\" content=\"en_GB\" \/>\n<meta property=\"og:type\" content=\"article\" \/>\n<meta property=\"og:title\" content=\"Kar\u00e1csonyi Martha Skincare Deluxe csomag - Martha Skincare\" \/>\n<meta property=\"og:description\" content=\"Minden b\u0151rt\u00edpus sz\u00e1m\u00e1ra\" \/>\n<meta property=\"og:url\" content=\"https:\/\/marthaskincare.hu\/en\/uzlet\/csomagajanlatok\/karacsonyi-martha-skincare-deluxe-csomag\/\" \/>\n<meta property=\"og:site_name\" content=\"Martha Skincare\" \/>\n<meta property=\"article:publisher\" content=\"https:\/\/www.facebook.com\/profile.php?id=61567804058843\" \/>\n<meta property=\"article:modified_time\" content=\"2025-12-11T19:58:13+00:00\" \/>\n<meta property=\"og:image\" content=\"https:\/\/marthaskincare.hu\/wp-content\/uploads\/2024\/12\/karacsonyi_all_in_one_2-1.jpg\" \/>\n\t<meta property=\"og:image:width\" content=\"600\" \/>\n\t<meta property=\"og:image:height\" content=\"760\" \/>\n\t<meta property=\"og:image:type\" content=\"image\/jpeg\" \/>\n<meta name=\"twitter:card\" content=\"summary_large_image\" \/>\n<meta name=\"twitter:label1\" content=\"Estimated reading time\" \/>\n\t<meta name=\"twitter:data1\" content=\"1 minute\" \/>\n<script type=\"application\/ld+json\" class=\"yoast-schema-graph\">{\"@context\":\"https:\\\/\\\/schema.org\",\"@graph\":[{\"@type\":\"WebPage\",\"@id\":\"https:\\\/\\\/marthaskincare.hu\\\/uzlet\\\/csomagajanlatok\\\/karacsonyi-martha-skincare-deluxe-csomag\\\/\",\"url\":\"https:\\\/\\\/marthaskincare.hu\\\/uzlet\\\/csomagajanlatok\\\/karacsonyi-martha-skincare-deluxe-csomag\\\/\",\"name\":\"Kar\u00e1csonyi Martha Skincare Deluxe csomag - Martha Skincare\",\"isPartOf\":{\"@id\":\"https:\\\/\\\/marthaskincare.hu\\\/#website\"},\"primaryImageOfPage\":{\"@id\":\"https:\\\/\\\/marthaskincare.hu\\\/uzlet\\\/csomagajanlatok\\\/karacsonyi-martha-skincare-deluxe-csomag\\\/#primaryimage\"},\"image\":{\"@id\":\"https:\\\/\\\/marthaskincare.hu\\\/uzlet\\\/csomagajanlatok\\\/karacsonyi-martha-skincare-deluxe-csomag\\\/#primaryimage\"},\"thumbnailUrl\":\"https:\\\/\\\/marthaskincare.hu\\\/wp-content\\\/uploads\\\/2024\\\/12\\\/karacsonyi_all_in_one_2-1.jpg\",\"datePublished\":\"2025-12-11T19:57:38+00:00\",\"dateModified\":\"2025-12-11T19:58:13+00:00\",\"breadcrumb\":{\"@id\":\"https:\\\/\\\/marthaskincare.hu\\\/uzlet\\\/csomagajanlatok\\\/karacsonyi-martha-skincare-deluxe-csomag\\\/#breadcrumb\"},\"inLanguage\":\"en-GB\",\"potentialAction\":[{\"@type\":\"ReadAction\",\"target\":[\"https:\\\/\\\/marthaskincare.hu\\\/uzlet\\\/csomagajanlatok\\\/karacsonyi-martha-skincare-deluxe-csomag\\\/\"]}]},{\"@type\":\"ImageObject\",\"inLanguage\":\"en-GB\",\"@id\":\"https:\\\/\\\/marthaskincare.hu\\\/uzlet\\\/csomagajanlatok\\\/karacsonyi-martha-skincare-deluxe-csomag\\\/#primaryimage\",\"url\":\"https:\\\/\\\/marthaskincare.hu\\\/wp-content\\\/uploads\\\/2024\\\/12\\\/karacsonyi_all_in_one_2-1.jpg\",\"contentUrl\":\"https:\\\/\\\/marthaskincare.hu\\\/wp-content\\\/uploads\\\/2024\\\/12\\\/karacsonyi_all_in_one_2-1.jpg\",\"width\":600,\"height\":760},{\"@type\":\"BreadcrumbList\",\"@id\":\"https:\\\/\\\/marthaskincare.hu\\\/uzlet\\\/csomagajanlatok\\\/karacsonyi-martha-skincare-deluxe-csomag\\\/#breadcrumb\",\"itemListElement\":[{\"@type\":\"ListItem\",\"position\":1,\"name\":\"Kezd\u0151lap\",\"item\":\"https:\\\/\\\/marthaskincare.hu\\\/\"},{\"@type\":\"ListItem\",\"position\":2,\"name\":\"Term\u00e9kek\",\"item\":\"https:\\\/\\\/marthaskincare.hu\\\/termekek\\\/\"},{\"@type\":\"ListItem\",\"position\":3,\"name\":\"Kar\u00e1csonyi Martha Skincare Deluxe csomag\"}]},{\"@type\":\"WebSite\",\"@id\":\"https:\\\/\\\/marthaskincare.hu\\\/#website\",\"url\":\"https:\\\/\\\/marthaskincare.hu\\\/\",\"name\":\"Martha Skincare\",\"description\":\"Komplex formul\u00e1k a tudatos b\u0151r\u00e1pol\u00e1s\u00e9rt\",\"publisher\":{\"@id\":\"https:\\\/\\\/marthaskincare.hu\\\/#organization\"},\"potentialAction\":[{\"@type\":\"SearchAction\",\"target\":{\"@type\":\"EntryPoint\",\"urlTemplate\":\"https:\\\/\\\/marthaskincare.hu\\\/?s={search_term_string}\"},\"query-input\":{\"@type\":\"PropertyValueSpecification\",\"valueRequired\":true,\"valueName\":\"search_term_string\"}}],\"inLanguage\":\"en-GB\"},{\"@type\":\"Organization\",\"@id\":\"https:\\\/\\\/marthaskincare.hu\\\/#organization\",\"name\":\"Martha Skincare\",\"url\":\"https:\\\/\\\/marthaskincare.hu\\\/\",\"logo\":{\"@type\":\"ImageObject\",\"inLanguage\":\"en-GB\",\"@id\":\"https:\\\/\\\/marthaskincare.hu\\\/#\\\/schema\\\/logo\\\/image\\\/\",\"url\":\"https:\\\/\\\/marthaskincare.hu\\\/wp-content\\\/uploads\\\/2024\\\/07\\\/martha_fekete_logo.svg\",\"contentUrl\":\"https:\\\/\\\/marthaskincare.hu\\\/wp-content\\\/uploads\\\/2024\\\/07\\\/martha_fekete_logo.svg\",\"width\":7532,\"height\":2962,\"caption\":\"Martha Skincare\"},\"image\":{\"@id\":\"https:\\\/\\\/marthaskincare.hu\\\/#\\\/schema\\\/logo\\\/image\\\/\"},\"sameAs\":[\"https:\\\/\\\/www.facebook.com\\\/profile.php?id=61567804058843\",\"https:\\\/\\\/www.instagram.com\\\/marthaskincare_hu\\\/\"]}]}<\/script>\n<!-- \/ Yoast SEO plugin. -->","yoast_head_json":{"title":"Kar\u00e1csonyi Martha Skincare Deluxe csomag - Martha Skincare","robots":{"index":"index","follow":"follow","max-snippet":"max-snippet:-1","max-image-preview":"max-image-preview:large","max-video-preview":"max-video-preview:-1"},"canonical":"https:\/\/marthaskincare.hu\/en\/uzlet\/csomagajanlatok\/karacsonyi-martha-skincare-deluxe-csomag\/","og_locale":"en_GB","og_type":"article","og_title":"Kar\u00e1csonyi Martha Skincare Deluxe csomag - Martha Skincare","og_description":"Minden b\u0151rt\u00edpus sz\u00e1m\u00e1ra","og_url":"https:\/\/marthaskincare.hu\/en\/uzlet\/csomagajanlatok\/karacsonyi-martha-skincare-deluxe-csomag\/","og_site_name":"Martha Skincare","article_publisher":"https:\/\/www.facebook.com\/profile.php?id=61567804058843","article_modified_time":"2025-12-11T19:58:13+00:00","og_image":[{"width":600,"height":760,"url":"https:\/\/marthaskincare.hu\/wp-content\/uploads\/2024\/12\/karacsonyi_all_in_one_2-1.jpg","type":"image\/jpeg"}],"twitter_card":"summary_large_image","twitter_misc":{"Estimated reading time":"1 minute"},"schema":{"@context":"https:\/\/schema.org","@graph":[{"@type":"WebPage","@id":"https:\/\/marthaskincare.hu\/uzlet\/csomagajanlatok\/karacsonyi-martha-skincare-deluxe-csomag\/","url":"https:\/\/marthaskincare.hu\/uzlet\/csomagajanlatok\/karacsonyi-martha-skincare-deluxe-csomag\/","name":"Kar\u00e1csonyi Martha Skincare Deluxe csomag - Martha Skincare","isPartOf":{"@id":"https:\/\/marthaskincare.hu\/#website"},"primaryImageOfPage":{"@id":"https:\/\/marthaskincare.hu\/uzlet\/csomagajanlatok\/karacsonyi-martha-skincare-deluxe-csomag\/#primaryimage"},"image":{"@id":"https:\/\/marthaskincare.hu\/uzlet\/csomagajanlatok\/karacsonyi-martha-skincare-deluxe-csomag\/#primaryimage"},"thumbnailUrl":"https:\/\/marthaskincare.hu\/wp-content\/uploads\/2024\/12\/karacsonyi_all_in_one_2-1.jpg","datePublished":"2025-12-11T19:57:38+00:00","dateModified":"2025-12-11T19:58:13+00:00","breadcrumb":{"@id":"https:\/\/marthaskincare.hu\/uzlet\/csomagajanlatok\/karacsonyi-martha-skincare-deluxe-csomag\/#breadcrumb"},"inLanguage":"en-GB","potentialAction":[{"@type":"ReadAction","target":["https:\/\/marthaskincare.hu\/uzlet\/csomagajanlatok\/karacsonyi-martha-skincare-deluxe-csomag\/"]}]},{"@type":"ImageObject","inLanguage":"en-GB","@id":"https:\/\/marthaskincare.hu\/uzlet\/csomagajanlatok\/karacsonyi-martha-skincare-deluxe-csomag\/#primaryimage","url":"https:\/\/marthaskincare.hu\/wp-content\/uploads\/2024\/12\/karacsonyi_all_in_one_2-1.jpg","contentUrl":"https:\/\/marthaskincare.hu\/wp-content\/uploads\/2024\/12\/karacsonyi_all_in_one_2-1.jpg","width":600,"height":760},{"@type":"BreadcrumbList","@id":"https:\/\/marthaskincare.hu\/uzlet\/csomagajanlatok\/karacsonyi-martha-skincare-deluxe-csomag\/#breadcrumb","itemListElement":[{"@type":"ListItem","position":1,"name":"Kezd\u0151lap","item":"https:\/\/marthaskincare.hu\/"},{"@type":"ListItem","position":2,"name":"Term\u00e9kek","item":"https:\/\/marthaskincare.hu\/termekek\/"},{"@type":"ListItem","position":3,"name":"Kar\u00e1csonyi Martha Skincare Deluxe csomag"}]},{"@type":"WebSite","@id":"https:\/\/marthaskincare.hu\/#website","url":"https:\/\/marthaskincare.hu\/","name":"Martha Skincare","description":"Komplex formul\u00e1k a tudatos b\u0151r\u00e1pol\u00e1s\u00e9rt","publisher":{"@id":"https:\/\/marthaskincare.hu\/#organization"},"potentialAction":[{"@type":"SearchAction","target":{"@type":"EntryPoint","urlTemplate":"https:\/\/marthaskincare.hu\/?s={search_term_string}"},"query-input":{"@type":"PropertyValueSpecification","valueRequired":true,"valueName":"search_term_string"}}],"inLanguage":"en-GB"},{"@type":"Organization","@id":"https:\/\/marthaskincare.hu\/#organization","name":"Martha Skincare","url":"https:\/\/marthaskincare.hu\/","logo":{"@type":"ImageObject","inLanguage":"en-GB","@id":"https:\/\/marthaskincare.hu\/#\/schema\/logo\/image\/","url":"https:\/\/marthaskincare.hu\/wp-content\/uploads\/2024\/07\/martha_fekete_logo.svg","contentUrl":"https:\/\/marthaskincare.hu\/wp-content\/uploads\/2024\/07\/martha_fekete_logo.svg","width":7532,"height":2962,"caption":"Martha Skincare"},"image":{"@id":"https:\/\/marthaskincare.hu\/#\/schema\/logo\/image\/"},"sameAs":["https:\/\/www.facebook.com\/profile.php?id=61567804058843","https:\/\/www.instagram.com\/marthaskincare_hu\/"]}]}},"_links":{"self":[{"href":"https:\/\/marthaskincare.hu\/en\/wp-json\/wp\/v2\/product\/2372","targetHints":{"allow":["GET"]}}],"collection":[{"href":"https:\/\/marthaskincare.hu\/en\/wp-json\/wp\/v2\/product"}],"about":[{"href":"https:\/\/marthaskincare.hu\/en\/wp-json\/wp\/v2\/types\/product"}],"replies":[{"embeddable":true,"href":"https:\/\/marthaskincare.hu\/en\/wp-json\/wp\/v2\/comments?post=2372"}],"wp:featuredmedia":[{"embeddable":true,"href":"https:\/\/marthaskincare.hu\/en\/wp-json\/wp\/v2\/media\/1261"}],"wp:attachment":[{"href":"https:\/\/marthaskincare.hu\/en\/wp-json\/wp\/v2\/media?parent=2372"}],"wp:term":[{"taxonomy":"product_brand","embeddable":true,"href":"https:\/\/marthaskincare.hu\/en\/wp-json\/wp\/v2\/product_brand?post=2372"},{"taxonomy":"product_cat","embeddable":true,"href":"https:\/\/marthaskincare.hu\/en\/wp-json\/wp\/v2\/product_cat?post=2372"},{"taxonomy":"product_tag","embeddable":true,"href":"https:\/\/marthaskincare.hu\/en\/wp-json\/wp\/v2\/product_tag?post=2372"}],"curies":[{"name":"wp","href":"https:\/\/api.w.org\/{rel}","templated":true}]}}