{"id":532,"date":"2024-08-03T19:07:01","date_gmt":"2024-08-03T19:07:01","guid":{"rendered":"https:\/\/marthaskincare.hu\/?post_type=product&#038;p=532"},"modified":"2026-05-05T19:35:23","modified_gmt":"2026-05-05T19:35:23","slug":"ceramidok-beta-glukan-szerum","status":"publish","type":"product","link":"https:\/\/marthaskincare.hu\/en\/uzlet\/szerumok\/ceramidok-beta-glukan-szerum\/","title":{"rendered":"Ceramides + beta-glucan 30ml serum"},"content":{"rendered":"<p><span style=\"font-weight: 400;\">Regenerating and soothing serum for sensitive, irritated and tight skin against redness. The product comprises effective combination of ingredients with protective layer supporting, water binding and soothing attributes. Being the primary external protective layer, the barrier prevents dehydration and stops germs from entering the skin. Four types of ceramide, cholesterol, centella and panthenol help restore the protective layer while beta-glucan, bisabolol, squalene and allantoin soothe and moisturize the skin.  It is fragrance-free with a texture both milky and gel-like enhanced with the qualities of quick absorption and easy layering. It does not leave a sticky sensation. It is ideal in any skincare routine for a healthy barrier and a plump, moisturised structure leaving an additional soothing effect.\u00a0<\/span><\/p>\n<ul>\n<li style=\"font-weight: 400;\" aria-level=\"1\"><span style=\"font-weight: 400;\">With a high-dose active complex 5% ceramid regenerates the skin enhancing the functioning of protective layer and preventing dermal dehydration.<\/span><\/li>\n<li style=\"font-weight: 400;\" aria-level=\"1\"><span style=\"font-weight: 400;\">5-5% centella and panthenol also play an important role in the protection of barrier.<\/span><\/li>\n<li style=\"font-weight: 400;\" aria-level=\"1\"><span style=\"font-weight: 400;\">Several constituting ingredients namely beta-glucan, 1% bisabolol, 1% squalene and allantoin have soothing properties.<\/span><\/li>\n<li style=\"font-weight: 400;\" aria-level=\"1\"><span style=\"font-weight: 400;\">If barrier is not damaged and no particular irritation is encountered, this serum can provide an extra level of moisturization. Comprising active ingredients found naturally in the skin makes this serum easily utilizable.\u00a0<\/span><\/li>\n<li style=\"font-weight: 400;\" aria-level=\"1\"><span style=\"font-weight: 400;\">It is fragrance-free with a texture both milky and gel-like enhanced with the qualities of quick absorption and easy layering. For all skin types, even for sensitive skin.<\/span><\/li>\n<li style=\"font-weight: 400;\" aria-level=\"1\"><span style=\"font-weight: 400;\">It does not contain any perfumes or irritating alcohols<\/span><\/li>\n<\/ul>","protected":false},"excerpt":{"rendered":"<p>Nyugtat\u00e1s \u00e9s v\u00e9d\u0151r\u00e9teg helyre\u00e1ll\u00edt\u00e1s<\/p>","protected":false},"featured_media":533,"comment_status":"open","ping_status":"closed","template":"","meta":{"_acf_changed":false,"_mo_disable_npp":""},"product_brand":[],"product_cat":[36,37,38,25,41],"product_tag":[],"class_list":{"0":"post-532","1":"product","2":"type-product","3":"status-publish","4":"has-post-thumbnail","6":"product_cat-irritalt-bor","7":"product_cat-oregedo-bor","8":"product_cat-pattanasok","9":"product_cat-szerumok","10":"product_cat-vizhianyos-bor","12":"first","13":"instock","14":"shipping-taxable","15":"purchasable","16":"product-type-simple"},"acf":[],"yoast_head":"<!-- This site is optimized with the Yoast SEO plugin v27.4 - https:\/\/yoast.com\/product\/yoast-seo-wordpress\/ -->\n<title>Ceramidok + b\u00e9ta-gl\u00fck\u00e1n sz\u00e9rum 30ml - Martha Skincare<\/title>\n<meta name=\"robots\" content=\"index, follow, max-snippet:-1, max-image-preview:large, max-video-preview:-1\" \/>\n<link rel=\"canonical\" href=\"https:\/\/marthaskincare.hu\/en\/uzlet\/szerumok\/ceramidok-beta-glukan-szerum\/\" \/>\n<meta property=\"og:locale\" content=\"en_GB\" \/>\n<meta property=\"og:type\" content=\"article\" \/>\n<meta property=\"og:title\" content=\"Ceramidok + b\u00e9ta-gl\u00fck\u00e1n sz\u00e9rum 30ml - Martha Skincare\" \/>\n<meta property=\"og:description\" content=\"Nyugtat\u00e1s \u00e9s v\u00e9d\u0151r\u00e9teg helyre\u00e1ll\u00edt\u00e1s\" \/>\n<meta property=\"og:url\" content=\"https:\/\/marthaskincare.hu\/en\/uzlet\/szerumok\/ceramidok-beta-glukan-szerum\/\" \/>\n<meta property=\"og:site_name\" content=\"Martha Skincare\" \/>\n<meta property=\"article:publisher\" content=\"https:\/\/www.facebook.com\/profile.php?id=61567804058843\" \/>\n<meta property=\"article:modified_time\" content=\"2026-05-05T19:35:23+00:00\" \/>\n<meta property=\"og:image\" content=\"https:\/\/marthaskincare.hu\/wp-content\/uploads\/2024\/08\/ceramidok_beta_glukan_szerum.jpg\" \/>\n\t<meta property=\"og:image:width\" content=\"600\" \/>\n\t<meta property=\"og:image:height\" content=\"760\" \/>\n\t<meta property=\"og:image:type\" content=\"image\/jpeg\" \/>\n<meta name=\"twitter:card\" content=\"summary_large_image\" \/>\n<meta name=\"twitter:label1\" content=\"Estimated reading time\" \/>\n\t<meta name=\"twitter:data1\" content=\"2 minutes\" \/>\n<script type=\"application\/ld+json\" class=\"yoast-schema-graph\">{\"@context\":\"https:\\\/\\\/schema.org\",\"@graph\":[{\"@type\":\"WebPage\",\"@id\":\"https:\\\/\\\/marthaskincare.hu\\\/uzlet\\\/szerumok\\\/ceramidok-beta-glukan-szerum\\\/\",\"url\":\"https:\\\/\\\/marthaskincare.hu\\\/uzlet\\\/szerumok\\\/ceramidok-beta-glukan-szerum\\\/\",\"name\":\"Ceramidok + b\u00e9ta-gl\u00fck\u00e1n sz\u00e9rum 30ml - Martha Skincare\",\"isPartOf\":{\"@id\":\"https:\\\/\\\/marthaskincare.hu\\\/#website\"},\"primaryImageOfPage\":{\"@id\":\"https:\\\/\\\/marthaskincare.hu\\\/uzlet\\\/szerumok\\\/ceramidok-beta-glukan-szerum\\\/#primaryimage\"},\"image\":{\"@id\":\"https:\\\/\\\/marthaskincare.hu\\\/uzlet\\\/szerumok\\\/ceramidok-beta-glukan-szerum\\\/#primaryimage\"},\"thumbnailUrl\":\"https:\\\/\\\/marthaskincare.hu\\\/wp-content\\\/uploads\\\/2024\\\/08\\\/ceramidok_beta_glukan_szerum.jpg\",\"datePublished\":\"2024-08-03T19:07:01+00:00\",\"dateModified\":\"2026-05-05T19:35:23+00:00\",\"breadcrumb\":{\"@id\":\"https:\\\/\\\/marthaskincare.hu\\\/uzlet\\\/szerumok\\\/ceramidok-beta-glukan-szerum\\\/#breadcrumb\"},\"inLanguage\":\"en-GB\",\"potentialAction\":[{\"@type\":\"ReadAction\",\"target\":[\"https:\\\/\\\/marthaskincare.hu\\\/uzlet\\\/szerumok\\\/ceramidok-beta-glukan-szerum\\\/\"]}]},{\"@type\":\"ImageObject\",\"inLanguage\":\"en-GB\",\"@id\":\"https:\\\/\\\/marthaskincare.hu\\\/uzlet\\\/szerumok\\\/ceramidok-beta-glukan-szerum\\\/#primaryimage\",\"url\":\"https:\\\/\\\/marthaskincare.hu\\\/wp-content\\\/uploads\\\/2024\\\/08\\\/ceramidok_beta_glukan_szerum.jpg\",\"contentUrl\":\"https:\\\/\\\/marthaskincare.hu\\\/wp-content\\\/uploads\\\/2024\\\/08\\\/ceramidok_beta_glukan_szerum.jpg\",\"width\":600,\"height\":760},{\"@type\":\"BreadcrumbList\",\"@id\":\"https:\\\/\\\/marthaskincare.hu\\\/uzlet\\\/szerumok\\\/ceramidok-beta-glukan-szerum\\\/#breadcrumb\",\"itemListElement\":[{\"@type\":\"ListItem\",\"position\":1,\"name\":\"Kezd\u0151lap\",\"item\":\"https:\\\/\\\/marthaskincare.hu\\\/\"},{\"@type\":\"ListItem\",\"position\":2,\"name\":\"Term\u00e9kek\",\"item\":\"https:\\\/\\\/marthaskincare.hu\\\/termekek\\\/\"},{\"@type\":\"ListItem\",\"position\":3,\"name\":\"Ceramidok + b\u00e9ta-gl\u00fck\u00e1n sz\u00e9rum 30ml\"}]},{\"@type\":\"WebSite\",\"@id\":\"https:\\\/\\\/marthaskincare.hu\\\/#website\",\"url\":\"https:\\\/\\\/marthaskincare.hu\\\/\",\"name\":\"Martha Skincare\",\"description\":\"Komplex formul\u00e1k a tudatos b\u0151r\u00e1pol\u00e1s\u00e9rt\",\"publisher\":{\"@id\":\"https:\\\/\\\/marthaskincare.hu\\\/#organization\"},\"potentialAction\":[{\"@type\":\"SearchAction\",\"target\":{\"@type\":\"EntryPoint\",\"urlTemplate\":\"https:\\\/\\\/marthaskincare.hu\\\/?s={search_term_string}\"},\"query-input\":{\"@type\":\"PropertyValueSpecification\",\"valueRequired\":true,\"valueName\":\"search_term_string\"}}],\"inLanguage\":\"en-GB\"},{\"@type\":\"Organization\",\"@id\":\"https:\\\/\\\/marthaskincare.hu\\\/#organization\",\"name\":\"Martha Skincare\",\"url\":\"https:\\\/\\\/marthaskincare.hu\\\/\",\"logo\":{\"@type\":\"ImageObject\",\"inLanguage\":\"en-GB\",\"@id\":\"https:\\\/\\\/marthaskincare.hu\\\/#\\\/schema\\\/logo\\\/image\\\/\",\"url\":\"https:\\\/\\\/marthaskincare.hu\\\/wp-content\\\/uploads\\\/2024\\\/07\\\/martha_fekete_logo.svg\",\"contentUrl\":\"https:\\\/\\\/marthaskincare.hu\\\/wp-content\\\/uploads\\\/2024\\\/07\\\/martha_fekete_logo.svg\",\"width\":7532,\"height\":2962,\"caption\":\"Martha Skincare\"},\"image\":{\"@id\":\"https:\\\/\\\/marthaskincare.hu\\\/#\\\/schema\\\/logo\\\/image\\\/\"},\"sameAs\":[\"https:\\\/\\\/www.facebook.com\\\/profile.php?id=61567804058843\",\"https:\\\/\\\/www.instagram.com\\\/marthaskincare_hu\\\/\"]}]}<\/script>\n<!-- \/ Yoast SEO plugin. -->","yoast_head_json":{"title":"Ceramidok + b\u00e9ta-gl\u00fck\u00e1n sz\u00e9rum 30ml - Martha Skincare","robots":{"index":"index","follow":"follow","max-snippet":"max-snippet:-1","max-image-preview":"max-image-preview:large","max-video-preview":"max-video-preview:-1"},"canonical":"https:\/\/marthaskincare.hu\/en\/uzlet\/szerumok\/ceramidok-beta-glukan-szerum\/","og_locale":"en_GB","og_type":"article","og_title":"Ceramidok + b\u00e9ta-gl\u00fck\u00e1n sz\u00e9rum 30ml - Martha Skincare","og_description":"Nyugtat\u00e1s \u00e9s v\u00e9d\u0151r\u00e9teg helyre\u00e1ll\u00edt\u00e1s","og_url":"https:\/\/marthaskincare.hu\/en\/uzlet\/szerumok\/ceramidok-beta-glukan-szerum\/","og_site_name":"Martha Skincare","article_publisher":"https:\/\/www.facebook.com\/profile.php?id=61567804058843","article_modified_time":"2026-05-05T19:35:23+00:00","og_image":[{"width":600,"height":760,"url":"https:\/\/marthaskincare.hu\/wp-content\/uploads\/2024\/08\/ceramidok_beta_glukan_szerum.jpg","type":"image\/jpeg"}],"twitter_card":"summary_large_image","twitter_misc":{"Estimated reading time":"2 minutes"},"schema":{"@context":"https:\/\/schema.org","@graph":[{"@type":"WebPage","@id":"https:\/\/marthaskincare.hu\/uzlet\/szerumok\/ceramidok-beta-glukan-szerum\/","url":"https:\/\/marthaskincare.hu\/uzlet\/szerumok\/ceramidok-beta-glukan-szerum\/","name":"Ceramidok + b\u00e9ta-gl\u00fck\u00e1n sz\u00e9rum 30ml - Martha Skincare","isPartOf":{"@id":"https:\/\/marthaskincare.hu\/#website"},"primaryImageOfPage":{"@id":"https:\/\/marthaskincare.hu\/uzlet\/szerumok\/ceramidok-beta-glukan-szerum\/#primaryimage"},"image":{"@id":"https:\/\/marthaskincare.hu\/uzlet\/szerumok\/ceramidok-beta-glukan-szerum\/#primaryimage"},"thumbnailUrl":"https:\/\/marthaskincare.hu\/wp-content\/uploads\/2024\/08\/ceramidok_beta_glukan_szerum.jpg","datePublished":"2024-08-03T19:07:01+00:00","dateModified":"2026-05-05T19:35:23+00:00","breadcrumb":{"@id":"https:\/\/marthaskincare.hu\/uzlet\/szerumok\/ceramidok-beta-glukan-szerum\/#breadcrumb"},"inLanguage":"en-GB","potentialAction":[{"@type":"ReadAction","target":["https:\/\/marthaskincare.hu\/uzlet\/szerumok\/ceramidok-beta-glukan-szerum\/"]}]},{"@type":"ImageObject","inLanguage":"en-GB","@id":"https:\/\/marthaskincare.hu\/uzlet\/szerumok\/ceramidok-beta-glukan-szerum\/#primaryimage","url":"https:\/\/marthaskincare.hu\/wp-content\/uploads\/2024\/08\/ceramidok_beta_glukan_szerum.jpg","contentUrl":"https:\/\/marthaskincare.hu\/wp-content\/uploads\/2024\/08\/ceramidok_beta_glukan_szerum.jpg","width":600,"height":760},{"@type":"BreadcrumbList","@id":"https:\/\/marthaskincare.hu\/uzlet\/szerumok\/ceramidok-beta-glukan-szerum\/#breadcrumb","itemListElement":[{"@type":"ListItem","position":1,"name":"Kezd\u0151lap","item":"https:\/\/marthaskincare.hu\/"},{"@type":"ListItem","position":2,"name":"Term\u00e9kek","item":"https:\/\/marthaskincare.hu\/termekek\/"},{"@type":"ListItem","position":3,"name":"Ceramidok + b\u00e9ta-gl\u00fck\u00e1n sz\u00e9rum 30ml"}]},{"@type":"WebSite","@id":"https:\/\/marthaskincare.hu\/#website","url":"https:\/\/marthaskincare.hu\/","name":"Martha Skincare","description":"Komplex formul\u00e1k a tudatos b\u0151r\u00e1pol\u00e1s\u00e9rt","publisher":{"@id":"https:\/\/marthaskincare.hu\/#organization"},"potentialAction":[{"@type":"SearchAction","target":{"@type":"EntryPoint","urlTemplate":"https:\/\/marthaskincare.hu\/?s={search_term_string}"},"query-input":{"@type":"PropertyValueSpecification","valueRequired":true,"valueName":"search_term_string"}}],"inLanguage":"en-GB"},{"@type":"Organization","@id":"https:\/\/marthaskincare.hu\/#organization","name":"Martha Skincare","url":"https:\/\/marthaskincare.hu\/","logo":{"@type":"ImageObject","inLanguage":"en-GB","@id":"https:\/\/marthaskincare.hu\/#\/schema\/logo\/image\/","url":"https:\/\/marthaskincare.hu\/wp-content\/uploads\/2024\/07\/martha_fekete_logo.svg","contentUrl":"https:\/\/marthaskincare.hu\/wp-content\/uploads\/2024\/07\/martha_fekete_logo.svg","width":7532,"height":2962,"caption":"Martha Skincare"},"image":{"@id":"https:\/\/marthaskincare.hu\/#\/schema\/logo\/image\/"},"sameAs":["https:\/\/www.facebook.com\/profile.php?id=61567804058843","https:\/\/www.instagram.com\/marthaskincare_hu\/"]}]}},"_links":{"self":[{"href":"https:\/\/marthaskincare.hu\/en\/wp-json\/wp\/v2\/product\/532","targetHints":{"allow":["GET"]}}],"collection":[{"href":"https:\/\/marthaskincare.hu\/en\/wp-json\/wp\/v2\/product"}],"about":[{"href":"https:\/\/marthaskincare.hu\/en\/wp-json\/wp\/v2\/types\/product"}],"replies":[{"embeddable":true,"href":"https:\/\/marthaskincare.hu\/en\/wp-json\/wp\/v2\/comments?post=532"}],"wp:featuredmedia":[{"embeddable":true,"href":"https:\/\/marthaskincare.hu\/en\/wp-json\/wp\/v2\/media\/533"}],"wp:attachment":[{"href":"https:\/\/marthaskincare.hu\/en\/wp-json\/wp\/v2\/media?parent=532"}],"wp:term":[{"taxonomy":"product_brand","embeddable":true,"href":"https:\/\/marthaskincare.hu\/en\/wp-json\/wp\/v2\/product_brand?post=532"},{"taxonomy":"product_cat","embeddable":true,"href":"https:\/\/marthaskincare.hu\/en\/wp-json\/wp\/v2\/product_cat?post=532"},{"taxonomy":"product_tag","embeddable":true,"href":"https:\/\/marthaskincare.hu\/en\/wp-json\/wp\/v2\/product_tag?post=532"}],"curies":[{"name":"wp","href":"https:\/\/api.w.org\/{rel}","templated":true}]}}