{"id":535,"date":"2024-08-03T19:12:37","date_gmt":"2024-08-03T19:12:37","guid":{"rendered":"https:\/\/marthaskincare.hu\/?post_type=product&#038;p=535"},"modified":"2026-05-07T13:20:23","modified_gmt":"2026-05-07T13:20:23","slug":"10-azealinsav-bha-kremszerum","status":"publish","type":"product","link":"https:\/\/marthaskincare.hu\/en\/uzlet\/szerumok\/10-azealinsav-bha-kremszerum\/","title":{"rendered":"10% azelainsav + BHA kr\u00e9msz\u00e9rum 30ml"},"content":{"rendered":"<p><span style=\"font-weight: 400;\">Serum-infused moisturizer for acne, blackheads and hyperpigmentation. Azelaic acid, Zink PCA and salicylic acid as main ingredients fight together against acne and reduce inflammation. It eases redness, helps prevent acne and is also effective against blemishes. The light, creamy texture soothes and moisturises the skin thanks to panthenol and squalene. It can also be used as a spot treatment targeting the problem area.<\/span><\/p>\n<ul>\n<li style=\"font-weight: 400;\" aria-level=\"1\"><span style=\"font-weight: 400;\">Aiding skin cell renewal, 10% azelaic acid with its antibacterial qualities is effective against acne besides having anti-inflammatory properties because of which it is a popular active ingredient in the treatment of rosacea.\u00a0<\/span><\/li>\n<li style=\"font-weight: 400;\" aria-level=\"1\"><span style=\"font-weight: 400;\">In addition to acne azelaic acid fights pigment spots as it deactivates the enzyme responsible for producing the dark pigment called melanin. A must-have if struggling with acne and blemishes.<\/span><\/li>\n<li style=\"font-weight: 400;\" aria-level=\"1\"><span style=\"font-weight: 400;\">Zink is a popular active ingredient in cosmetics for acne-prone skin. Besides effectively fighting acne-causing bacteria, it normalises sebum production.  The overall content of Zink in this product is 1%.<\/span><\/li>\n<li style=\"font-weight: 400;\" aria-level=\"1\"><span style=\"font-weight: 400;\">Salicylic acid contributes to the cleansing of pores while sarcosine normalises sebum production.<\/span><\/li>\n<li style=\"font-weight: 400;\" aria-level=\"1\"><span style=\"font-weight: 400;\">\u00a0Thanks to panthenol and squalene the product adequately soothes and moisturises the skin making it an ideal replacement for a night moisturiser.<\/span><\/li>\n<li style=\"font-weight: 400;\" aria-level=\"1\"><span style=\"font-weight: 400;\">It is fragrance-free characterised by a thicker, creamy texture leaving a non-heavy finish. It quickly absorbs into the skin and can be layered well. For all skin types, even for sensitive skin.<\/span><\/li>\n<li style=\"font-weight: 400;\" aria-level=\"1\"><span style=\"font-weight: 400;\">It does not contain any perfumes or irritating alcohols<\/span><\/li>\n<\/ul>","protected":false},"excerpt":{"rendered":"<p>Put an end to acne<\/p>","protected":false},"featured_media":2546,"comment_status":"open","ping_status":"closed","template":"","meta":{"_acf_changed":false,"_mo_disable_npp":""},"product_brand":[],"product_cat":[38,39,25,40,42],"product_tag":[],"class_list":{"0":"post-535","1":"product","2":"type-product","3":"status-publish","4":"has-post-thumbnail","6":"product_cat-pattanasok","7":"product_cat-pigmentfoltok","8":"product_cat-szerumok","9":"product_cat-tag-porusok","10":"product_cat-zsiros-bor","12":"first","13":"instock","14":"shipping-taxable","15":"purchasable","16":"product-type-simple"},"acf":[],"yoast_head":"<!-- This site is optimized with the Yoast SEO plugin v27.4 - https:\/\/yoast.com\/product\/yoast-seo-wordpress\/ -->\n<title>10% azelainsav + BHA kr\u00e9msz\u00e9rum 30ml - Martha Skincare<\/title>\n<meta name=\"robots\" content=\"index, follow, max-snippet:-1, max-image-preview:large, max-video-preview:-1\" \/>\n<link rel=\"canonical\" href=\"https:\/\/marthaskincare.hu\/en\/uzlet\/szerumok\/10-azealinsav-bha-kremszerum\/\" \/>\n<meta property=\"og:locale\" content=\"en_GB\" \/>\n<meta property=\"og:type\" content=\"article\" \/>\n<meta property=\"og:title\" content=\"10% azelainsav + BHA kr\u00e9msz\u00e9rum 30ml - Martha Skincare\" \/>\n<meta property=\"og:description\" content=\"Vess v\u00e9get a pattan\u00e1soknak\" \/>\n<meta property=\"og:url\" content=\"https:\/\/marthaskincare.hu\/en\/uzlet\/szerumok\/10-azealinsav-bha-kremszerum\/\" \/>\n<meta property=\"og:site_name\" content=\"Martha Skincare\" \/>\n<meta property=\"article:publisher\" content=\"https:\/\/www.facebook.com\/profile.php?id=61567804058843\" \/>\n<meta property=\"article:modified_time\" content=\"2026-05-07T13:20:23+00:00\" \/>\n<meta property=\"og:image\" content=\"https:\/\/marthaskincare.hu\/wp-content\/uploads\/2024\/08\/40e878c9-7f17-4a6d-8731-a4456add9bd8-1.jpeg\" \/>\n\t<meta property=\"og:image:width\" content=\"1365\" \/>\n\t<meta property=\"og:image:height\" content=\"2048\" \/>\n\t<meta property=\"og:image:type\" content=\"image\/jpeg\" \/>\n<meta name=\"twitter:card\" content=\"summary_large_image\" \/>\n<meta name=\"twitter:label1\" content=\"Estimated reading time\" \/>\n\t<meta name=\"twitter:data1\" content=\"2 minutes\" \/>\n<script type=\"application\/ld+json\" class=\"yoast-schema-graph\">{\"@context\":\"https:\\\/\\\/schema.org\",\"@graph\":[{\"@type\":\"WebPage\",\"@id\":\"https:\\\/\\\/marthaskincare.hu\\\/uzlet\\\/szerumok\\\/10-azealinsav-bha-kremszerum\\\/\",\"url\":\"https:\\\/\\\/marthaskincare.hu\\\/uzlet\\\/szerumok\\\/10-azealinsav-bha-kremszerum\\\/\",\"name\":\"10% azelainsav + BHA kr\u00e9msz\u00e9rum 30ml - Martha Skincare\",\"isPartOf\":{\"@id\":\"https:\\\/\\\/marthaskincare.hu\\\/#website\"},\"primaryImageOfPage\":{\"@id\":\"https:\\\/\\\/marthaskincare.hu\\\/uzlet\\\/szerumok\\\/10-azealinsav-bha-kremszerum\\\/#primaryimage\"},\"image\":{\"@id\":\"https:\\\/\\\/marthaskincare.hu\\\/uzlet\\\/szerumok\\\/10-azealinsav-bha-kremszerum\\\/#primaryimage\"},\"thumbnailUrl\":\"https:\\\/\\\/marthaskincare.hu\\\/wp-content\\\/uploads\\\/2024\\\/08\\\/40e878c9-7f17-4a6d-8731-a4456add9bd8-1.jpeg\",\"datePublished\":\"2024-08-03T19:12:37+00:00\",\"dateModified\":\"2026-05-07T13:20:23+00:00\",\"breadcrumb\":{\"@id\":\"https:\\\/\\\/marthaskincare.hu\\\/uzlet\\\/szerumok\\\/10-azealinsav-bha-kremszerum\\\/#breadcrumb\"},\"inLanguage\":\"en-GB\",\"potentialAction\":[{\"@type\":\"ReadAction\",\"target\":[\"https:\\\/\\\/marthaskincare.hu\\\/uzlet\\\/szerumok\\\/10-azealinsav-bha-kremszerum\\\/\"]}]},{\"@type\":\"ImageObject\",\"inLanguage\":\"en-GB\",\"@id\":\"https:\\\/\\\/marthaskincare.hu\\\/uzlet\\\/szerumok\\\/10-azealinsav-bha-kremszerum\\\/#primaryimage\",\"url\":\"https:\\\/\\\/marthaskincare.hu\\\/wp-content\\\/uploads\\\/2024\\\/08\\\/40e878c9-7f17-4a6d-8731-a4456add9bd8-1.jpeg\",\"contentUrl\":\"https:\\\/\\\/marthaskincare.hu\\\/wp-content\\\/uploads\\\/2024\\\/08\\\/40e878c9-7f17-4a6d-8731-a4456add9bd8-1.jpeg\",\"width\":1365,\"height\":2048},{\"@type\":\"BreadcrumbList\",\"@id\":\"https:\\\/\\\/marthaskincare.hu\\\/uzlet\\\/szerumok\\\/10-azealinsav-bha-kremszerum\\\/#breadcrumb\",\"itemListElement\":[{\"@type\":\"ListItem\",\"position\":1,\"name\":\"Kezd\u0151lap\",\"item\":\"https:\\\/\\\/marthaskincare.hu\\\/\"},{\"@type\":\"ListItem\",\"position\":2,\"name\":\"Term\u00e9kek\",\"item\":\"https:\\\/\\\/marthaskincare.hu\\\/termekek\\\/\"},{\"@type\":\"ListItem\",\"position\":3,\"name\":\"10% azelainsav + BHA kr\u00e9msz\u00e9rum 30ml\"}]},{\"@type\":\"WebSite\",\"@id\":\"https:\\\/\\\/marthaskincare.hu\\\/#website\",\"url\":\"https:\\\/\\\/marthaskincare.hu\\\/\",\"name\":\"Martha Skincare\",\"description\":\"Komplex formul\u00e1k a tudatos b\u0151r\u00e1pol\u00e1s\u00e9rt\",\"publisher\":{\"@id\":\"https:\\\/\\\/marthaskincare.hu\\\/#organization\"},\"potentialAction\":[{\"@type\":\"SearchAction\",\"target\":{\"@type\":\"EntryPoint\",\"urlTemplate\":\"https:\\\/\\\/marthaskincare.hu\\\/?s={search_term_string}\"},\"query-input\":{\"@type\":\"PropertyValueSpecification\",\"valueRequired\":true,\"valueName\":\"search_term_string\"}}],\"inLanguage\":\"en-GB\"},{\"@type\":\"Organization\",\"@id\":\"https:\\\/\\\/marthaskincare.hu\\\/#organization\",\"name\":\"Martha Skincare\",\"url\":\"https:\\\/\\\/marthaskincare.hu\\\/\",\"logo\":{\"@type\":\"ImageObject\",\"inLanguage\":\"en-GB\",\"@id\":\"https:\\\/\\\/marthaskincare.hu\\\/#\\\/schema\\\/logo\\\/image\\\/\",\"url\":\"https:\\\/\\\/marthaskincare.hu\\\/wp-content\\\/uploads\\\/2024\\\/07\\\/martha_fekete_logo.svg\",\"contentUrl\":\"https:\\\/\\\/marthaskincare.hu\\\/wp-content\\\/uploads\\\/2024\\\/07\\\/martha_fekete_logo.svg\",\"width\":7532,\"height\":2962,\"caption\":\"Martha Skincare\"},\"image\":{\"@id\":\"https:\\\/\\\/marthaskincare.hu\\\/#\\\/schema\\\/logo\\\/image\\\/\"},\"sameAs\":[\"https:\\\/\\\/www.facebook.com\\\/profile.php?id=61567804058843\",\"https:\\\/\\\/www.instagram.com\\\/marthaskincare_hu\\\/\"]}]}<\/script>\n<!-- \/ Yoast SEO plugin. -->","yoast_head_json":{"title":"10% azelainsav + BHA kr\u00e9msz\u00e9rum 30ml - Martha Skincare","robots":{"index":"index","follow":"follow","max-snippet":"max-snippet:-1","max-image-preview":"max-image-preview:large","max-video-preview":"max-video-preview:-1"},"canonical":"https:\/\/marthaskincare.hu\/en\/uzlet\/szerumok\/10-azealinsav-bha-kremszerum\/","og_locale":"en_GB","og_type":"article","og_title":"10% azelainsav + BHA kr\u00e9msz\u00e9rum 30ml - Martha Skincare","og_description":"Vess v\u00e9get a pattan\u00e1soknak","og_url":"https:\/\/marthaskincare.hu\/en\/uzlet\/szerumok\/10-azealinsav-bha-kremszerum\/","og_site_name":"Martha Skincare","article_publisher":"https:\/\/www.facebook.com\/profile.php?id=61567804058843","article_modified_time":"2026-05-07T13:20:23+00:00","og_image":[{"width":1365,"height":2048,"url":"https:\/\/marthaskincare.hu\/wp-content\/uploads\/2024\/08\/40e878c9-7f17-4a6d-8731-a4456add9bd8-1.jpeg","type":"image\/jpeg"}],"twitter_card":"summary_large_image","twitter_misc":{"Estimated reading time":"2 minutes"},"schema":{"@context":"https:\/\/schema.org","@graph":[{"@type":"WebPage","@id":"https:\/\/marthaskincare.hu\/uzlet\/szerumok\/10-azealinsav-bha-kremszerum\/","url":"https:\/\/marthaskincare.hu\/uzlet\/szerumok\/10-azealinsav-bha-kremszerum\/","name":"10% azelainsav + BHA kr\u00e9msz\u00e9rum 30ml - Martha Skincare","isPartOf":{"@id":"https:\/\/marthaskincare.hu\/#website"},"primaryImageOfPage":{"@id":"https:\/\/marthaskincare.hu\/uzlet\/szerumok\/10-azealinsav-bha-kremszerum\/#primaryimage"},"image":{"@id":"https:\/\/marthaskincare.hu\/uzlet\/szerumok\/10-azealinsav-bha-kremszerum\/#primaryimage"},"thumbnailUrl":"https:\/\/marthaskincare.hu\/wp-content\/uploads\/2024\/08\/40e878c9-7f17-4a6d-8731-a4456add9bd8-1.jpeg","datePublished":"2024-08-03T19:12:37+00:00","dateModified":"2026-05-07T13:20:23+00:00","breadcrumb":{"@id":"https:\/\/marthaskincare.hu\/uzlet\/szerumok\/10-azealinsav-bha-kremszerum\/#breadcrumb"},"inLanguage":"en-GB","potentialAction":[{"@type":"ReadAction","target":["https:\/\/marthaskincare.hu\/uzlet\/szerumok\/10-azealinsav-bha-kremszerum\/"]}]},{"@type":"ImageObject","inLanguage":"en-GB","@id":"https:\/\/marthaskincare.hu\/uzlet\/szerumok\/10-azealinsav-bha-kremszerum\/#primaryimage","url":"https:\/\/marthaskincare.hu\/wp-content\/uploads\/2024\/08\/40e878c9-7f17-4a6d-8731-a4456add9bd8-1.jpeg","contentUrl":"https:\/\/marthaskincare.hu\/wp-content\/uploads\/2024\/08\/40e878c9-7f17-4a6d-8731-a4456add9bd8-1.jpeg","width":1365,"height":2048},{"@type":"BreadcrumbList","@id":"https:\/\/marthaskincare.hu\/uzlet\/szerumok\/10-azealinsav-bha-kremszerum\/#breadcrumb","itemListElement":[{"@type":"ListItem","position":1,"name":"Kezd\u0151lap","item":"https:\/\/marthaskincare.hu\/"},{"@type":"ListItem","position":2,"name":"Term\u00e9kek","item":"https:\/\/marthaskincare.hu\/termekek\/"},{"@type":"ListItem","position":3,"name":"10% azelainsav + BHA kr\u00e9msz\u00e9rum 30ml"}]},{"@type":"WebSite","@id":"https:\/\/marthaskincare.hu\/#website","url":"https:\/\/marthaskincare.hu\/","name":"Martha Skincare","description":"Komplex formul\u00e1k a tudatos b\u0151r\u00e1pol\u00e1s\u00e9rt","publisher":{"@id":"https:\/\/marthaskincare.hu\/#organization"},"potentialAction":[{"@type":"SearchAction","target":{"@type":"EntryPoint","urlTemplate":"https:\/\/marthaskincare.hu\/?s={search_term_string}"},"query-input":{"@type":"PropertyValueSpecification","valueRequired":true,"valueName":"search_term_string"}}],"inLanguage":"en-GB"},{"@type":"Organization","@id":"https:\/\/marthaskincare.hu\/#organization","name":"Martha Skincare","url":"https:\/\/marthaskincare.hu\/","logo":{"@type":"ImageObject","inLanguage":"en-GB","@id":"https:\/\/marthaskincare.hu\/#\/schema\/logo\/image\/","url":"https:\/\/marthaskincare.hu\/wp-content\/uploads\/2024\/07\/martha_fekete_logo.svg","contentUrl":"https:\/\/marthaskincare.hu\/wp-content\/uploads\/2024\/07\/martha_fekete_logo.svg","width":7532,"height":2962,"caption":"Martha Skincare"},"image":{"@id":"https:\/\/marthaskincare.hu\/#\/schema\/logo\/image\/"},"sameAs":["https:\/\/www.facebook.com\/profile.php?id=61567804058843","https:\/\/www.instagram.com\/marthaskincare_hu\/"]}]}},"_links":{"self":[{"href":"https:\/\/marthaskincare.hu\/en\/wp-json\/wp\/v2\/product\/535","targetHints":{"allow":["GET"]}}],"collection":[{"href":"https:\/\/marthaskincare.hu\/en\/wp-json\/wp\/v2\/product"}],"about":[{"href":"https:\/\/marthaskincare.hu\/en\/wp-json\/wp\/v2\/types\/product"}],"replies":[{"embeddable":true,"href":"https:\/\/marthaskincare.hu\/en\/wp-json\/wp\/v2\/comments?post=535"}],"wp:featuredmedia":[{"embeddable":true,"href":"https:\/\/marthaskincare.hu\/en\/wp-json\/wp\/v2\/media\/2546"}],"wp:attachment":[{"href":"https:\/\/marthaskincare.hu\/en\/wp-json\/wp\/v2\/media?parent=535"}],"wp:term":[{"taxonomy":"product_brand","embeddable":true,"href":"https:\/\/marthaskincare.hu\/en\/wp-json\/wp\/v2\/product_brand?post=535"},{"taxonomy":"product_cat","embeddable":true,"href":"https:\/\/marthaskincare.hu\/en\/wp-json\/wp\/v2\/product_cat?post=535"},{"taxonomy":"product_tag","embeddable":true,"href":"https:\/\/marthaskincare.hu\/en\/wp-json\/wp\/v2\/product_tag?post=535"}],"curies":[{"name":"wp","href":"https:\/\/api.w.org\/{rel}","templated":true}]}}